{"id":1774,"date":"2024-04-22T04:57:14","date_gmt":"2024-04-22T01:57:14","guid":{"rendered":"http:\/\/www.narelmuhendislik.com\/?post_type=product&#038;p=1774"},"modified":"2024-04-22T04:57:14","modified_gmt":"2024-04-22T01:57:14","slug":"bahcesehir-evleri","status":"publish","type":"product","link":"http:\/\/www.narelmuhendislik.com\/en\/urun\/bahcesehir-evleri\/","title":{"rendered":"BAH\u00c7E\u015eEH\u0130R HOUSES"},"content":{"rendered":"","protected":false},"excerpt":{"rendered":"<p>Residential electrical application projects and tender dossier preparation services with a closed area of 22,000 m2<\/p>\n<p>Project Location: Bah\u00e7e\u015fehir\/\u0130stanbul<br \/>\nEnd Date:02\/2024<br \/>\nEmployer: MEKANYAPI<\/p>\n","protected":false},"featured_media":1775,"template":"","meta":[],"product_cat":[37],"product_tag":[],"_links":{"self":[{"href":"http:\/\/www.narelmuhendislik.com\/en\/wp-json\/wp\/v2\/product\/1774"}],"collection":[{"href":"http:\/\/www.narelmuhendislik.com\/en\/wp-json\/wp\/v2\/product"}],"about":[{"href":"http:\/\/www.narelmuhendislik.com\/en\/wp-json\/wp\/v2\/types\/product"}],"wp:featuredmedia":[{"embeddable":true,"href":"http:\/\/www.narelmuhendislik.com\/en\/wp-json\/wp\/v2\/media\/1775"}],"wp:attachment":[{"href":"http:\/\/www.narelmuhendislik.com\/en\/wp-json\/wp\/v2\/media?parent=1774"}],"wp:term":[{"taxonomy":"product_cat","embeddable":true,"href":"http:\/\/www.narelmuhendislik.com\/en\/wp-json\/wp\/v2\/product_cat?post=1774"},{"taxonomy":"product_tag","embeddable":true,"href":"http:\/\/www.narelmuhendislik.com\/en\/wp-json\/wp\/v2\/product_tag?post=1774"}],"curies":[{"name":"wp","href":"https:\/\/api.w.org\/{rel}","templated":true}]}}