{"id":1762,"date":"2024-04-22T04:43:38","date_gmt":"2024-04-22T01:43:38","guid":{"rendered":"http:\/\/www.narelmuhendislik.com\/?post_type=product&#038;p=1762"},"modified":"2024-04-22T04:43:38","modified_gmt":"2024-04-22T01:43:38","slug":"kiyi-istanbul-2-etap","status":"publish","type":"product","link":"http:\/\/www.narelmuhendislik.com\/en\/urun\/kiyi-istanbul-2-etap\/","title":{"rendered":"KIYI ISTANBUL 2ND STAGE"},"content":{"rendered":"","protected":false},"excerpt":{"rendered":"<p>Electrical application projects and tender dossier preparation services for the Shopping Center with a construction area of 200,000m\u00b2<\/p>\n<p>Project Location: B\u00fcy\u00fck\u00e7ekmece\/\u0130STANBUL<br \/>\nEnd Date:09\/2023<br \/>\nEmployer: KIYI ISTANBUL<\/p>\n","protected":false},"featured_media":1764,"template":"","meta":[],"product_cat":[37],"product_tag":[],"_links":{"self":[{"href":"http:\/\/www.narelmuhendislik.com\/en\/wp-json\/wp\/v2\/product\/1762"}],"collection":[{"href":"http:\/\/www.narelmuhendislik.com\/en\/wp-json\/wp\/v2\/product"}],"about":[{"href":"http:\/\/www.narelmuhendislik.com\/en\/wp-json\/wp\/v2\/types\/product"}],"wp:featuredmedia":[{"embeddable":true,"href":"http:\/\/www.narelmuhendislik.com\/en\/wp-json\/wp\/v2\/media\/1764"}],"wp:attachment":[{"href":"http:\/\/www.narelmuhendislik.com\/en\/wp-json\/wp\/v2\/media?parent=1762"}],"wp:term":[{"taxonomy":"product_cat","embeddable":true,"href":"http:\/\/www.narelmuhendislik.com\/en\/wp-json\/wp\/v2\/product_cat?post=1762"},{"taxonomy":"product_tag","embeddable":true,"href":"http:\/\/www.narelmuhendislik.com\/en\/wp-json\/wp\/v2\/product_tag?post=1762"}],"curies":[{"name":"wp","href":"https:\/\/api.w.org\/{rel}","templated":true}]}}