{"id":1709,"date":"2022-11-03T01:50:20","date_gmt":"2022-11-02T22:50:20","guid":{"rendered":"http:\/\/www.narelmuhendislik.com\/?post_type=product&#038;p=1709"},"modified":"2022-11-03T03:30:07","modified_gmt":"2022-11-03T00:30:07","slug":"aquaana-su-uretim-tesisi","status":"publish","type":"product","link":"http:\/\/www.narelmuhendislik.com\/en\/urun\/aquaana-su-uretim-tesisi\/","title":{"rendered":"(Turkish) AQUAANA SU \u00dcRET\u0130M TES\u0130S\u0130"},"content":{"rendered":"","protected":false},"excerpt":{"rendered":"<p class=\"qtranxs-available-languages-message qtranxs-available-languages-message-en\">Sorry, this entry is only available in <a href=\"http:\/\/www.narelmuhendislik.com\/tr\/wp-json\/wp\/v2\/product\/1709\" class=\"qtranxs-available-language-link qtranxs-available-language-link-tr\" title=\"Turkish\">Turkish<\/a>.<\/p>\n","protected":false},"featured_media":1725,"template":"","meta":[],"product_cat":[37],"product_tag":[],"_links":{"self":[{"href":"http:\/\/www.narelmuhendislik.com\/en\/wp-json\/wp\/v2\/product\/1709"}],"collection":[{"href":"http:\/\/www.narelmuhendislik.com\/en\/wp-json\/wp\/v2\/product"}],"about":[{"href":"http:\/\/www.narelmuhendislik.com\/en\/wp-json\/wp\/v2\/types\/product"}],"wp:featuredmedia":[{"embeddable":true,"href":"http:\/\/www.narelmuhendislik.com\/en\/wp-json\/wp\/v2\/media\/1725"}],"wp:attachment":[{"href":"http:\/\/www.narelmuhendislik.com\/en\/wp-json\/wp\/v2\/media?parent=1709"}],"wp:term":[{"taxonomy":"product_cat","embeddable":true,"href":"http:\/\/www.narelmuhendislik.com\/en\/wp-json\/wp\/v2\/product_cat?post=1709"},{"taxonomy":"product_tag","embeddable":true,"href":"http:\/\/www.narelmuhendislik.com\/en\/wp-json\/wp\/v2\/product_tag?post=1709"}],"curies":[{"name":"wp","href":"https:\/\/api.w.org\/{rel}","templated":true}]}}