{"id":1522,"date":"2021-08-27T12:28:05","date_gmt":"2021-08-27T09:28:05","guid":{"rendered":"http:\/\/www.narelmuhendislik.com\/?post_type=product&#038;p=1522"},"modified":"2021-08-27T12:28:06","modified_gmt":"2021-08-27T09:28:06","slug":"arcelik-eskisehir","status":"publish","type":"product","link":"http:\/\/www.narelmuhendislik.com\/en\/urun\/arcelik-eskisehir\/","title":{"rendered":"(Turkish) AR\u00c7EL\u0130K ESK\u0130\u015eEH\u0130R"},"content":{"rendered":"","protected":false},"excerpt":{"rendered":"<p class=\"qtranxs-available-languages-message qtranxs-available-languages-message-en\">Sorry, this entry is only available in <a href=\"http:\/\/www.narelmuhendislik.com\/tr\/wp-json\/wp\/v2\/product\/1522\" class=\"qtranxs-available-language-link qtranxs-available-language-link-tr\" title=\"Turkish\">Turkish<\/a>.<\/p>\n","protected":false},"featured_media":1551,"template":"","meta":[],"product_cat":[37],"product_tag":[],"_links":{"self":[{"href":"http:\/\/www.narelmuhendislik.com\/en\/wp-json\/wp\/v2\/product\/1522"}],"collection":[{"href":"http:\/\/www.narelmuhendislik.com\/en\/wp-json\/wp\/v2\/product"}],"about":[{"href":"http:\/\/www.narelmuhendislik.com\/en\/wp-json\/wp\/v2\/types\/product"}],"wp:featuredmedia":[{"embeddable":true,"href":"http:\/\/www.narelmuhendislik.com\/en\/wp-json\/wp\/v2\/media\/1551"}],"wp:attachment":[{"href":"http:\/\/www.narelmuhendislik.com\/en\/wp-json\/wp\/v2\/media?parent=1522"}],"wp:term":[{"taxonomy":"product_cat","embeddable":true,"href":"http:\/\/www.narelmuhendislik.com\/en\/wp-json\/wp\/v2\/product_cat?post=1522"},{"taxonomy":"product_tag","embeddable":true,"href":"http:\/\/www.narelmuhendislik.com\/en\/wp-json\/wp\/v2\/product_tag?post=1522"}],"curies":[{"name":"wp","href":"https:\/\/api.w.org\/{rel}","templated":true}]}}