{"id":1517,"date":"2021-08-27T12:17:52","date_gmt":"2021-08-27T09:17:52","guid":{"rendered":"http:\/\/www.narelmuhendislik.com\/?post_type=product&#038;p=1517"},"modified":"2021-08-27T12:17:53","modified_gmt":"2021-08-27T09:17:53","slug":"ozkuruslar-magaza-zinciri-2","status":"publish","type":"product","link":"http:\/\/www.narelmuhendislik.com\/en\/urun\/ozkuruslar-magaza-zinciri-2\/","title":{"rendered":"(Turkish) \u00d6ZKURU\u015eLAR MA\u011eAZA Z\u0130NC\u0130R\u0130"},"content":{"rendered":"","protected":false},"excerpt":{"rendered":"<p class=\"qtranxs-available-languages-message qtranxs-available-languages-message-en\">Sorry, this entry is only available in <a href=\"http:\/\/www.narelmuhendislik.com\/tr\/wp-json\/wp\/v2\/product\/1517\" class=\"qtranxs-available-language-link qtranxs-available-language-link-tr\" title=\"Turkish\">Turkish<\/a>.<\/p>\n","protected":false},"featured_media":0,"template":"","meta":[],"product_cat":[37],"product_tag":[],"_links":{"self":[{"href":"http:\/\/www.narelmuhendislik.com\/en\/wp-json\/wp\/v2\/product\/1517"}],"collection":[{"href":"http:\/\/www.narelmuhendislik.com\/en\/wp-json\/wp\/v2\/product"}],"about":[{"href":"http:\/\/www.narelmuhendislik.com\/en\/wp-json\/wp\/v2\/types\/product"}],"wp:attachment":[{"href":"http:\/\/www.narelmuhendislik.com\/en\/wp-json\/wp\/v2\/media?parent=1517"}],"wp:term":[{"taxonomy":"product_cat","embeddable":true,"href":"http:\/\/www.narelmuhendislik.com\/en\/wp-json\/wp\/v2\/product_cat?post=1517"},{"taxonomy":"product_tag","embeddable":true,"href":"http:\/\/www.narelmuhendislik.com\/en\/wp-json\/wp\/v2\/product_tag?post=1517"}],"curies":[{"name":"wp","href":"https:\/\/api.w.org\/{rel}","templated":true}]}}