{"id":1403,"date":"2021-08-26T18:53:09","date_gmt":"2021-08-26T15:53:09","guid":{"rendered":"http:\/\/www.narelmuhendislik.com\/?post_type=product&#038;p=1403"},"modified":"2021-08-26T18:53:09","modified_gmt":"2021-08-26T15:53:09","slug":"sinus-elektronik","status":"publish","type":"product","link":"http:\/\/www.narelmuhendislik.com\/en\/urun\/sinus-elektronik\/","title":{"rendered":"(Turkish) S\u0130N\u00dcS ELEKTRON\u0130K"},"content":{"rendered":"","protected":false},"excerpt":{"rendered":"<p class=\"qtranxs-available-languages-message qtranxs-available-languages-message-en\">Sorry, this entry is only available in <a href=\"http:\/\/www.narelmuhendislik.com\/tr\/wp-json\/wp\/v2\/product\/1403\" class=\"qtranxs-available-language-link qtranxs-available-language-link-tr\" title=\"Turkish\">Turkish<\/a>.<\/p>\n","protected":false},"featured_media":1404,"template":"","meta":[],"product_cat":[37],"product_tag":[],"_links":{"self":[{"href":"http:\/\/www.narelmuhendislik.com\/en\/wp-json\/wp\/v2\/product\/1403"}],"collection":[{"href":"http:\/\/www.narelmuhendislik.com\/en\/wp-json\/wp\/v2\/product"}],"about":[{"href":"http:\/\/www.narelmuhendislik.com\/en\/wp-json\/wp\/v2\/types\/product"}],"wp:featuredmedia":[{"embeddable":true,"href":"http:\/\/www.narelmuhendislik.com\/en\/wp-json\/wp\/v2\/media\/1404"}],"wp:attachment":[{"href":"http:\/\/www.narelmuhendislik.com\/en\/wp-json\/wp\/v2\/media?parent=1403"}],"wp:term":[{"taxonomy":"product_cat","embeddable":true,"href":"http:\/\/www.narelmuhendislik.com\/en\/wp-json\/wp\/v2\/product_cat?post=1403"},{"taxonomy":"product_tag","embeddable":true,"href":"http:\/\/www.narelmuhendislik.com\/en\/wp-json\/wp\/v2\/product_tag?post=1403"}],"curies":[{"name":"wp","href":"https:\/\/api.w.org\/{rel}","templated":true}]}}