{"id":1314,"date":"2021-08-19T22:13:45","date_gmt":"2021-08-19T19:13:45","guid":{"rendered":"http:\/\/www.narelmuhendislik.com\/?post_type=product&#038;p=1314"},"modified":"2021-08-27T15:02:27","modified_gmt":"2021-08-27T12:02:27","slug":"bes-telsiz","status":"publish","type":"product","link":"http:\/\/www.narelmuhendislik.com\/en\/urun\/bes-telsiz\/","title":{"rendered":"Be\u015f Telsiz"},"content":{"rendered":"","protected":false},"excerpt":{"rendered":"<div class=\"site-wrapper \">\n<section class=\"container\">\n<div class=\"normal\">\n<div class=\"vc_row wpb_row vc_row-fluid\">\n<div class=\"wpb_column vc_column_container vc_col-sm-6\">\n<div class=\"vc_column-inner\">\n<div class=\"wpb_wrapper\">\n<div class=\"wpb_text_column wpb_content_element \">\n<div class=\"wpb_wrapper\">\n<div class=\"balkon-folio-content-wrap\">\n<div class=\"det-info\">\n<div class=\"balkon-folio-content-wrap\">\n<div class=\"det-info\">\n<div class=\"balkon-folio-content-wrap\">\n<div class=\"det-info\">\n<p class=\"no-rep\">Be\u015f Telsiz Spor Kompleksinin Projelendirilmesi<\/p>\n<\/div>\n<\/div>\n<div class=\"balkon-folio-details-wrap Be\u015f Telsiz\">\n<div class=\"det-info\">\n<ul class=\"pr-list\">\n<li>TAR\u0130H :\u00a017.09.2017<\/li>\n<li>M\u00dc\u015eTER\u0130 :\u00a0ZEYT\u0130N BURNU BELED\u0130YES\u0130<\/li>\n<li>;DURUM :\u00a0TAMAMLANDI<\/li>\n<li>YER :\u00a0\u0130STANBUL<\/li>\n<\/ul>\n<\/div>\n<\/div>\n<\/div>\n<\/div>\n<\/div>\n<\/div>\n<\/div>\n<\/div>\n<\/div>\n<\/div>\n<\/div>\n<\/div>\n<\/div>\n<\/section>\n<\/div>\n","protected":false},"featured_media":1584,"template":"","meta":[],"product_cat":[37],"product_tag":[],"_links":{"self":[{"href":"http:\/\/www.narelmuhendislik.com\/en\/wp-json\/wp\/v2\/product\/1314"}],"collection":[{"href":"http:\/\/www.narelmuhendislik.com\/en\/wp-json\/wp\/v2\/product"}],"about":[{"href":"http:\/\/www.narelmuhendislik.com\/en\/wp-json\/wp\/v2\/types\/product"}],"wp:featuredmedia":[{"embeddable":true,"href":"http:\/\/www.narelmuhendislik.com\/en\/wp-json\/wp\/v2\/media\/1584"}],"wp:attachment":[{"href":"http:\/\/www.narelmuhendislik.com\/en\/wp-json\/wp\/v2\/media?parent=1314"}],"wp:term":[{"taxonomy":"product_cat","embeddable":true,"href":"http:\/\/www.narelmuhendislik.com\/en\/wp-json\/wp\/v2\/product_cat?post=1314"},{"taxonomy":"product_tag","embeddable":true,"href":"http:\/\/www.narelmuhendislik.com\/en\/wp-json\/wp\/v2\/product_tag?post=1314"}],"curies":[{"name":"wp","href":"https:\/\/api.w.org\/{rel}","templated":true}]}}