{"id":1308,"date":"2021-08-19T22:10:06","date_gmt":"2021-08-19T19:10:06","guid":{"rendered":"http:\/\/www.narelmuhendislik.com\/?post_type=product&#038;p=1308"},"modified":"2021-08-27T15:05:20","modified_gmt":"2021-08-27T12:05:20","slug":"cevat-pasa-ilkogretim-okulu","status":"publish","type":"product","link":"http:\/\/www.narelmuhendislik.com\/en\/urun\/cevat-pasa-ilkogretim-okulu\/","title":{"rendered":"Cevat Pa\u015fa \u0130lk\u00f6\u011fretim Okulu"},"content":{"rendered":"","protected":false},"excerpt":{"rendered":"<div class=\"balkon-folio-content-wrap\">\n<div class=\"det-info\">\n<p class=\"no-rep\">Bayram Pa\u015fa Cevat Pa\u015fa \u0130lk\u00f6\u011fretim Okulunun Projelendirmesi<\/p>\n<\/div>\n<\/div>\n<div class=\"balkon-folio-details-wrap Cevat Pa\u015fa\">\n<div class=\"det-info\">\n<ul class=\"pr-list\">\n<li>TAR\u0130H :\u00a001.09.2017<\/li>\n<li>M\u00dc\u015eTER\u0130 :\u00a0BAYRAMPA\u015eA BELED\u0130YES\u0130<\/li>\n<li>;DURUM :\u00a0TAMAMLANDI<\/li>\n<li>YER :\u00a0\u0130STANBUL<\/li>\n<\/ul>\n<\/div>\n<\/div>\n","protected":false},"featured_media":1588,"template":"","meta":[],"product_cat":[37],"product_tag":[],"_links":{"self":[{"href":"http:\/\/www.narelmuhendislik.com\/en\/wp-json\/wp\/v2\/product\/1308"}],"collection":[{"href":"http:\/\/www.narelmuhendislik.com\/en\/wp-json\/wp\/v2\/product"}],"about":[{"href":"http:\/\/www.narelmuhendislik.com\/en\/wp-json\/wp\/v2\/types\/product"}],"wp:featuredmedia":[{"embeddable":true,"href":"http:\/\/www.narelmuhendislik.com\/en\/wp-json\/wp\/v2\/media\/1588"}],"wp:attachment":[{"href":"http:\/\/www.narelmuhendislik.com\/en\/wp-json\/wp\/v2\/media?parent=1308"}],"wp:term":[{"taxonomy":"product_cat","embeddable":true,"href":"http:\/\/www.narelmuhendislik.com\/en\/wp-json\/wp\/v2\/product_cat?post=1308"},{"taxonomy":"product_tag","embeddable":true,"href":"http:\/\/www.narelmuhendislik.com\/en\/wp-json\/wp\/v2\/product_tag?post=1308"}],"curies":[{"name":"wp","href":"https:\/\/api.w.org\/{rel}","templated":true}]}}