{"id":1304,"date":"2021-08-19T22:08:09","date_gmt":"2021-08-19T19:08:09","guid":{"rendered":"http:\/\/www.narelmuhendislik.com\/?post_type=product&#038;p=1304"},"modified":"2021-08-27T14:39:17","modified_gmt":"2021-08-27T11:39:17","slug":"heramis-spa-ve-sosyal-tesis","status":"publish","type":"product","link":"http:\/\/www.narelmuhendislik.com\/en\/urun\/heramis-spa-ve-sosyal-tesis\/","title":{"rendered":"Heramis SPA ve Sosyal Tesis"},"content":{"rendered":"","protected":false},"excerpt":{"rendered":"<div class=\"balkon-folio-content-wrap\">\n<div class=\"det-info\">\n<p class=\"no-rep\">Heramis SPA ve Sosyal Tesis projelendirilmesi<\/p>\n<\/div>\n<\/div>\n<div class=\"balkon-folio-details-wrap Heramis SPA ve Sosyal Tesis\">\n<div class=\"det-info\">\n<ul class=\"pr-list\">\n<li>TAR\u0130H :\u00a015.04.2019<\/li>\n<li>M\u00dc\u015eTER\u0130 :\u00a0HERAM\u0130S SPA VE SOSYAL TES\u0130S<\/li>\n<li>;DURUM :\u00a0TAMAMLANDI<\/li>\n<li>YER :\u00a0T\u00dcRK\u0130YE GENEL\u0130<\/li>\n<\/ul>\n<\/div>\n<\/div>\n","protected":false},"featured_media":1565,"template":"","meta":[],"product_cat":[37],"product_tag":[],"_links":{"self":[{"href":"http:\/\/www.narelmuhendislik.com\/en\/wp-json\/wp\/v2\/product\/1304"}],"collection":[{"href":"http:\/\/www.narelmuhendislik.com\/en\/wp-json\/wp\/v2\/product"}],"about":[{"href":"http:\/\/www.narelmuhendislik.com\/en\/wp-json\/wp\/v2\/types\/product"}],"wp:featuredmedia":[{"embeddable":true,"href":"http:\/\/www.narelmuhendislik.com\/en\/wp-json\/wp\/v2\/media\/1565"}],"wp:attachment":[{"href":"http:\/\/www.narelmuhendislik.com\/en\/wp-json\/wp\/v2\/media?parent=1304"}],"wp:term":[{"taxonomy":"product_cat","embeddable":true,"href":"http:\/\/www.narelmuhendislik.com\/en\/wp-json\/wp\/v2\/product_cat?post=1304"},{"taxonomy":"product_tag","embeddable":true,"href":"http:\/\/www.narelmuhendislik.com\/en\/wp-json\/wp\/v2\/product_tag?post=1304"}],"curies":[{"name":"wp","href":"https:\/\/api.w.org\/{rel}","templated":true}]}}