{"id":1282,"date":"2021-08-19T21:58:35","date_gmt":"2021-08-19T18:58:35","guid":{"rendered":"http:\/\/www.narelmuhendislik.com\/?post_type=product&#038;p=1282"},"modified":"2021-08-19T21:59:09","modified_gmt":"2021-08-19T18:59:09","slug":"ozkuruslar-depo-2","status":"publish","type":"product","link":"http:\/\/www.narelmuhendislik.com\/en\/urun\/ozkuruslar-depo-2\/","title":{"rendered":"\u00d6zkuru\u015flar Depo"},"content":{"rendered":"","protected":false},"excerpt":{"rendered":"<div class=\"site-wrapper \">\n<section class=\"container\">\n<div class=\"normal\">\n<div class=\"vc_row wpb_row vc_row-fluid\">\n<div class=\"wpb_column vc_column_container vc_col-sm-6\">\n<div class=\"vc_column-inner\">\n<div class=\"wpb_wrapper\">\n<div class=\"wpb_text_column wpb_content_element \">\n<div class=\"wpb_wrapper\">\n<div class=\"balkon-folio-content-wrap\">\n<div class=\"det-info\">\n<div class=\"balkon-folio-content-wrap\">\n<div class=\"det-info\">\n<p class=\"no-rep\">\u00d6zkuru\u015flar merkez ofis ve lojistik deposunun teknik projelendirmesi<\/p>\n<\/div>\n<\/div>\n<div class=\"balkon-folio-details-wrap \u00d6zkuru\u015flar Depo\">\n<div class=\"det-info\">\n<ul class=\"pr-list\">\n<li>TAR\u0130H :\u00a030.09.2018<\/li>\n<li>M\u00dc\u015eTER\u0130 :\u00a0\u00d6ZKURU\u015eLAR\/EKOL<\/li>\n<li>;DURUM :\u00a0DEVAM ED\u0130YOR<\/li>\n<li>YER :\u00a0\u0130STANBUL<\/li>\n<\/ul>\n<\/div>\n<\/div>\n<\/div>\n<\/div>\n<\/div>\n<\/div>\n<\/div>\n<\/div>\n<\/div>\n<\/div>\n<\/div>\n<\/section>\n<\/div>\n","protected":false},"featured_media":1283,"template":"","meta":[],"product_cat":[37],"product_tag":[],"_links":{"self":[{"href":"http:\/\/www.narelmuhendislik.com\/en\/wp-json\/wp\/v2\/product\/1282"}],"collection":[{"href":"http:\/\/www.narelmuhendislik.com\/en\/wp-json\/wp\/v2\/product"}],"about":[{"href":"http:\/\/www.narelmuhendislik.com\/en\/wp-json\/wp\/v2\/types\/product"}],"wp:featuredmedia":[{"embeddable":true,"href":"http:\/\/www.narelmuhendislik.com\/en\/wp-json\/wp\/v2\/media\/1283"}],"wp:attachment":[{"href":"http:\/\/www.narelmuhendislik.com\/en\/wp-json\/wp\/v2\/media?parent=1282"}],"wp:term":[{"taxonomy":"product_cat","embeddable":true,"href":"http:\/\/www.narelmuhendislik.com\/en\/wp-json\/wp\/v2\/product_cat?post=1282"},{"taxonomy":"product_tag","embeddable":true,"href":"http:\/\/www.narelmuhendislik.com\/en\/wp-json\/wp\/v2\/product_tag?post=1282"}],"curies":[{"name":"wp","href":"https:\/\/api.w.org\/{rel}","templated":true}]}}