{"id":1278,"date":"2021-08-19T21:56:01","date_gmt":"2021-08-19T18:56:01","guid":{"rendered":"http:\/\/www.narelmuhendislik.com\/?post_type=product&#038;p=1278"},"modified":"2021-08-27T15:09:01","modified_gmt":"2021-08-27T12:09:01","slug":"dhabi-medical-hospital","status":"publish","type":"product","link":"http:\/\/www.narelmuhendislik.com\/en\/urun\/dhabi-medical-hospital\/","title":{"rendered":"Dhabi Medical Hospital"},"content":{"rendered":"","protected":false},"excerpt":{"rendered":"<div class=\"balkon-folio-content-wrap\">\n<div class=\"det-info\">\n<p class=\"no-rep\">Libya Dhabi Hastanesi teknik projelendirmesi<\/p>\n<\/div>\n<\/div>\n<div class=\"balkon-folio-details-wrap Libya \">\n<div class=\"det-info\">\n<ul class=\"pr-list\">\n<li>TAR\u0130H :\u00a030.09.2018<\/li>\n<li>M\u00dc\u015eTER\u0130 :\u00a0NET M\u0130MARLIK<\/li>\n<li>;DURUM :\u00a0DEVAM ED\u0130YOR<\/li>\n<li>YER :\u00a0\u0130STANBUL<\/li>\n<\/ul>\n<\/div>\n<\/div>\n","protected":false},"featured_media":1592,"template":"","meta":[],"product_cat":[37],"product_tag":[],"_links":{"self":[{"href":"http:\/\/www.narelmuhendislik.com\/en\/wp-json\/wp\/v2\/product\/1278"}],"collection":[{"href":"http:\/\/www.narelmuhendislik.com\/en\/wp-json\/wp\/v2\/product"}],"about":[{"href":"http:\/\/www.narelmuhendislik.com\/en\/wp-json\/wp\/v2\/types\/product"}],"wp:featuredmedia":[{"embeddable":true,"href":"http:\/\/www.narelmuhendislik.com\/en\/wp-json\/wp\/v2\/media\/1592"}],"wp:attachment":[{"href":"http:\/\/www.narelmuhendislik.com\/en\/wp-json\/wp\/v2\/media?parent=1278"}],"wp:term":[{"taxonomy":"product_cat","embeddable":true,"href":"http:\/\/www.narelmuhendislik.com\/en\/wp-json\/wp\/v2\/product_cat?post=1278"},{"taxonomy":"product_tag","embeddable":true,"href":"http:\/\/www.narelmuhendislik.com\/en\/wp-json\/wp\/v2\/product_tag?post=1278"}],"curies":[{"name":"wp","href":"https:\/\/api.w.org\/{rel}","templated":true}]}}