{"id":1271,"date":"2021-08-19T21:52:15","date_gmt":"2021-08-19T18:52:15","guid":{"rendered":"http:\/\/www.narelmuhendislik.com\/?post_type=product&#038;p=1271"},"modified":"2021-08-19T21:52:16","modified_gmt":"2021-08-19T18:52:16","slug":"ozkuruslar-magaza-zinciri","status":"publish","type":"product","link":"http:\/\/www.narelmuhendislik.com\/en\/urun\/ozkuruslar-magaza-zinciri\/","title":{"rendered":"\u00d6zkuru\u015flar Ma\u011faza Zinciri"},"content":{"rendered":"","protected":false},"excerpt":{"rendered":"<div class=\"balkon-folio-content-wrap\">\n<div class=\"det-info\">\n<p class=\"no-rep\">\u00d6zkuru\u015flar Ma\u011faza Zinciri<\/p>\n<\/div>\n<\/div>\n<div class=\"balkon-folio-details-wrap \u00d6zkuru\u015flar Ma\u011faza Zinciri\">\n<div class=\"det-info\">\n<ul class=\"pr-list\">\n<li>TAR\u0130H :\u00a011.12.2019<\/li>\n<li>M\u00dc\u015eTER\u0130 :\u00a0\u00d6ZKURU\u015eLAR MA\u011eAZA Z\u0130NC\u0130R\u0130<\/li>\n<li>;DURUM :\u00a0TAMAMLANDI<\/li>\n<li>YER :\u00a0\u0130STANBUL GENEL\u0130<\/li>\n<\/ul>\n<\/div>\n<\/div>\n","protected":false},"featured_media":1272,"template":"","meta":[],"product_cat":[37],"product_tag":[],"_links":{"self":[{"href":"http:\/\/www.narelmuhendislik.com\/en\/wp-json\/wp\/v2\/product\/1271"}],"collection":[{"href":"http:\/\/www.narelmuhendislik.com\/en\/wp-json\/wp\/v2\/product"}],"about":[{"href":"http:\/\/www.narelmuhendislik.com\/en\/wp-json\/wp\/v2\/types\/product"}],"wp:featuredmedia":[{"embeddable":true,"href":"http:\/\/www.narelmuhendislik.com\/en\/wp-json\/wp\/v2\/media\/1272"}],"wp:attachment":[{"href":"http:\/\/www.narelmuhendislik.com\/en\/wp-json\/wp\/v2\/media?parent=1271"}],"wp:term":[{"taxonomy":"product_cat","embeddable":true,"href":"http:\/\/www.narelmuhendislik.com\/en\/wp-json\/wp\/v2\/product_cat?post=1271"},{"taxonomy":"product_tag","embeddable":true,"href":"http:\/\/www.narelmuhendislik.com\/en\/wp-json\/wp\/v2\/product_tag?post=1271"}],"curies":[{"name":"wp","href":"https:\/\/api.w.org\/{rel}","templated":true}]}}