{"id":1232,"date":"2021-08-19T21:23:37","date_gmt":"2021-08-19T18:23:37","guid":{"rendered":"http:\/\/www.narelmuhendislik.com\/?post_type=product&#038;p=1232"},"modified":"2021-08-19T21:23:37","modified_gmt":"2021-08-19T18:23:37","slug":"kuris-kule-ofis","status":"publish","type":"product","link":"http:\/\/www.narelmuhendislik.com\/en\/urun\/kuris-kule-ofis\/","title":{"rendered":"Kuri\u015f Kule Ofis"},"content":{"rendered":"","protected":false},"excerpt":{"rendered":"<div class=\"balkon-folio-content-wrap\">\n<div class=\"det-info\">\n<p class=\"no-rep\">Kuri\u015f Kule Ofis Uygulama Projeleri<\/p>\n<\/div>\n<\/div>\n<div class=\"balkon-folio-details-wrap Kuri\u015f Kule\">\n<div class=\"det-info\">\n<ul class=\"pr-list\">\n<li>TAR\u0130H :\u00a006.04.2018<\/li>\n<li>M\u00dc\u015eTER\u0130 :\u00a0KUR\u0130\u015e KULE OF\u0130S<\/li>\n<li>;DURUM :\u00a0TAMAMLANDI<\/li>\n<li>YER :\u00a0\u0130STANBUL<\/li>\n<\/ul>\n<\/div>\n<\/div>\n","protected":false},"featured_media":1233,"template":"","meta":[],"product_cat":[37],"product_tag":[],"_links":{"self":[{"href":"http:\/\/www.narelmuhendislik.com\/en\/wp-json\/wp\/v2\/product\/1232"}],"collection":[{"href":"http:\/\/www.narelmuhendislik.com\/en\/wp-json\/wp\/v2\/product"}],"about":[{"href":"http:\/\/www.narelmuhendislik.com\/en\/wp-json\/wp\/v2\/types\/product"}],"wp:featuredmedia":[{"embeddable":true,"href":"http:\/\/www.narelmuhendislik.com\/en\/wp-json\/wp\/v2\/media\/1233"}],"wp:attachment":[{"href":"http:\/\/www.narelmuhendislik.com\/en\/wp-json\/wp\/v2\/media?parent=1232"}],"wp:term":[{"taxonomy":"product_cat","embeddable":true,"href":"http:\/\/www.narelmuhendislik.com\/en\/wp-json\/wp\/v2\/product_cat?post=1232"},{"taxonomy":"product_tag","embeddable":true,"href":"http:\/\/www.narelmuhendislik.com\/en\/wp-json\/wp\/v2\/product_tag?post=1232"}],"curies":[{"name":"wp","href":"https:\/\/api.w.org\/{rel}","templated":true}]}}