{"id":1228,"date":"2021-08-19T21:06:36","date_gmt":"2021-08-19T18:06:36","guid":{"rendered":"http:\/\/www.narelmuhendislik.com\/?post_type=product&#038;p=1228"},"modified":"2021-08-27T15:41:19","modified_gmt":"2021-08-27T12:41:19","slug":"casonova-otel","status":"publish","type":"product","link":"http:\/\/www.narelmuhendislik.com\/en\/urun\/casonova-otel\/","title":{"rendered":"Casonova Otel"},"content":{"rendered":"","protected":false},"excerpt":{"rendered":"<div class=\"balkon-folio-content-wrap\">\n<div class=\"det-info\">\n<p class=\"no-rep\">Cezair casonova Otelin Projelendirilmesi<\/p>\n<\/div>\n<\/div>\n<div class=\"balkon-folio-details-wrap Casanova\">\n<div class=\"det-info\">\n<ul class=\"pr-list\">\n<li>TAR\u0130H :\u00a001.01.2018<\/li>\n<li>M\u00dc\u015eTER\u0130 :\u00a0CASONOVA OTEL<\/li>\n<li>;DURUM :\u00a0TAMAMLANDI<\/li>\n<li>YER :\u00a0CEZA\u0130R<\/li>\n<\/ul>\n<\/div>\n<\/div>\n","protected":false},"featured_media":1609,"template":"","meta":[],"product_cat":[37],"product_tag":[],"_links":{"self":[{"href":"http:\/\/www.narelmuhendislik.com\/en\/wp-json\/wp\/v2\/product\/1228"}],"collection":[{"href":"http:\/\/www.narelmuhendislik.com\/en\/wp-json\/wp\/v2\/product"}],"about":[{"href":"http:\/\/www.narelmuhendislik.com\/en\/wp-json\/wp\/v2\/types\/product"}],"wp:featuredmedia":[{"embeddable":true,"href":"http:\/\/www.narelmuhendislik.com\/en\/wp-json\/wp\/v2\/media\/1609"}],"wp:attachment":[{"href":"http:\/\/www.narelmuhendislik.com\/en\/wp-json\/wp\/v2\/media?parent=1228"}],"wp:term":[{"taxonomy":"product_cat","embeddable":true,"href":"http:\/\/www.narelmuhendislik.com\/en\/wp-json\/wp\/v2\/product_cat?post=1228"},{"taxonomy":"product_tag","embeddable":true,"href":"http:\/\/www.narelmuhendislik.com\/en\/wp-json\/wp\/v2\/product_tag?post=1228"}],"curies":[{"name":"wp","href":"https:\/\/api.w.org\/{rel}","templated":true}]}}