{"id":918,"date":"2021-08-08T16:43:56","date_gmt":"2021-08-08T13:43:56","guid":{"rendered":"http:\/\/www.narelmuhendislik.com\/?page_id=918"},"modified":"2021-08-19T13:24:02","modified_gmt":"2021-08-19T10:24:02","slug":"khalifa-mall","status":"publish","type":"page","link":"http:\/\/www.narelmuhendislik.com\/en\/khalifa-mall\/","title":{"rendered":"KHAL\u0130FA MALL"},"content":{"rendered":"<p>[vc_row][vc_column width=&#8221;1\/2&#8243;][vc_single_image image=&#8221;1212&#8243; img_size=&#8221;full&#8221; alignment=&#8221;center&#8221;][\/vc_column][vc_column width=&#8221;1\/2&#8243;][vc_column_text]<\/p>\n<div class=\"balkon-folio-content-wrap\">\n<div class=\"det-info\">\n<p class=\"no-rep\">\u00c7\u0130MSAprojelendirilmesi<\/p>\n<p class=\"no-rep\">\n<\/div>\n<\/div>\n<div class=\"balkon-folio-details-wrap \u00c7imsa\">\n<div class=\"det-info\">\n<div class=\"clearfix\"><\/div>\n<ul class=\"pr-list\">\n<li>TAR\u0130H :\u00a004.05.2019<\/li>\n<li>M\u00dc\u015eTER\u0130 :\u00a0\u00c7\u0130MSA<\/li>\n<li>;DURUM :\u00a0TAMAMLANDI<\/li>\n<li>YER :\u00a0ATA\u015eEH\u0130R<\/li>\n<\/ul>\n<\/div>\n<\/div>\n<p>[\/vc_column_text][\/vc_column][\/vc_row]<\/p>\n","protected":false},"excerpt":{"rendered":"<p>[vc_row][vc_column width=&#8221;1\/2&#8243;][vc_single_image image=&#8221;1212&#8243; img_size=&#8221;full&#8221; alignment=&#8221;center&#8221;][\/vc_column][vc_column width=&#8221;1\/2&#8243;][vc_column_text] \u00c7\u0130MSAprojelendirilmesi TAR\u0130H :\u00a004.05.2019 M\u00dc\u015eTER\u0130 :\u00a0\u00c7\u0130MSA ;DURUM :\u00a0TAMAMLANDI YER :\u00a0ATA\u015eEH\u0130R [\/vc_column_text][\/vc_column][\/vc_row]<\/p>\n","protected":false},"author":1,"featured_media":0,"parent":0,"menu_order":0,"comment_status":"closed","ping_status":"closed","template":"","meta":[],"_links":{"self":[{"href":"http:\/\/www.narelmuhendislik.com\/en\/wp-json\/wp\/v2\/pages\/918"}],"collection":[{"href":"http:\/\/www.narelmuhendislik.com\/en\/wp-json\/wp\/v2\/pages"}],"about":[{"href":"http:\/\/www.narelmuhendislik.com\/en\/wp-json\/wp\/v2\/types\/page"}],"author":[{"embeddable":true,"href":"http:\/\/www.narelmuhendislik.com\/en\/wp-json\/wp\/v2\/users\/1"}],"replies":[{"embeddable":true,"href":"http:\/\/www.narelmuhendislik.com\/en\/wp-json\/wp\/v2\/comments?post=918"}],"version-history":[{"count":4,"href":"http:\/\/www.narelmuhendislik.com\/en\/wp-json\/wp\/v2\/pages\/918\/revisions"}],"predecessor-version":[{"id":1221,"href":"http:\/\/www.narelmuhendislik.com\/en\/wp-json\/wp\/v2\/pages\/918\/revisions\/1221"}],"wp:attachment":[{"href":"http:\/\/www.narelmuhendislik.com\/en\/wp-json\/wp\/v2\/media?parent=918"}],"curies":[{"name":"wp","href":"https:\/\/api.w.org\/{rel}","templated":true}]}}