{"id":898,"date":"2021-08-08T16:40:51","date_gmt":"2021-08-08T13:40:51","guid":{"rendered":"http:\/\/www.narelmuhendislik.com\/?page_id=898"},"modified":"2021-08-18T16:20:05","modified_gmt":"2021-08-18T13:20:05","slug":"sinus","status":"publish","type":"page","link":"http:\/\/www.narelmuhendislik.com\/en\/sinus\/","title":{"rendered":"Sinus"},"content":{"rendered":"<p>[vc_row][vc_column width=&#8221;1\/2&#8243;][\/vc_column][vc_column width=&#8221;1\/2&#8243;][vc_column_text]<\/p>\n<div class=\"balkon-folio-content-wrap\">\n<div class=\"det-info\">\n<p class=\"no-rep\">Sinus Fabrika Projelendirilmesi<\/p>\n<p class=\"no-rep\">\n<\/div>\n<\/div>\n<div class=\"balkon-folio-details-wrap Sinus\">\n<div class=\"det-info\">\n<div class=\"clearfix\"><\/div>\n<ul class=\"pr-list\">\n<li>TAR\u0130H :\u00a021.01.2017<\/li>\n<li>M\u00dc\u015eTER\u0130 :\u00a0S\u0130NUS<\/li>\n<li>;DURUM :\u00a0TAMAMLANDI<\/li>\n<li>YER :\u00a0T\u00dcRK\u0130YE GENEL\u0130<\/li>\n<\/ul>\n<\/div>\n<\/div>\n<p>[\/vc_column_text][\/vc_column][\/vc_row]<\/p>\n","protected":false},"excerpt":{"rendered":"<p>[vc_row][vc_column width=&#8221;1\/2&#8243;][\/vc_column][vc_column width=&#8221;1\/2&#8243;][vc_column_text] Sinus Fabrika Projelendirilmesi TAR\u0130H :\u00a021.01.2017 M\u00dc\u015eTER\u0130 :\u00a0S\u0130NUS ;DURUM :\u00a0TAMAMLANDI YER :\u00a0T\u00dcRK\u0130YE GENEL\u0130 [\/vc_column_text][\/vc_column][\/vc_row]<\/p>\n","protected":false},"author":1,"featured_media":0,"parent":0,"menu_order":0,"comment_status":"closed","ping_status":"closed","template":"","meta":[],"_links":{"self":[{"href":"http:\/\/www.narelmuhendislik.com\/en\/wp-json\/wp\/v2\/pages\/898"}],"collection":[{"href":"http:\/\/www.narelmuhendislik.com\/en\/wp-json\/wp\/v2\/pages"}],"about":[{"href":"http:\/\/www.narelmuhendislik.com\/en\/wp-json\/wp\/v2\/types\/page"}],"author":[{"embeddable":true,"href":"http:\/\/www.narelmuhendislik.com\/en\/wp-json\/wp\/v2\/users\/1"}],"replies":[{"embeddable":true,"href":"http:\/\/www.narelmuhendislik.com\/en\/wp-json\/wp\/v2\/comments?post=898"}],"version-history":[{"count":2,"href":"http:\/\/www.narelmuhendislik.com\/en\/wp-json\/wp\/v2\/pages\/898\/revisions"}],"predecessor-version":[{"id":1163,"href":"http:\/\/www.narelmuhendislik.com\/en\/wp-json\/wp\/v2\/pages\/898\/revisions\/1163"}],"wp:attachment":[{"href":"http:\/\/www.narelmuhendislik.com\/en\/wp-json\/wp\/v2\/media?parent=898"}],"curies":[{"name":"wp","href":"https:\/\/api.w.org\/{rel}","templated":true}]}}