{"id":891,"date":"2021-08-08T16:40:23","date_gmt":"2021-08-08T13:40:23","guid":{"rendered":"http:\/\/www.narelmuhendislik.com\/?page_id=891"},"modified":"2021-08-18T16:16:22","modified_gmt":"2021-08-18T13:16:22","slug":"mutlu-aku","status":"publish","type":"page","link":"http:\/\/www.narelmuhendislik.com\/en\/mutlu-aku\/","title":{"rendered":"Mutlu Ak\u00fc"},"content":{"rendered":"<p>[vc_row][vc_column width=&#8221;1\/2&#8243;][vc_single_image image=&#8221;1157&#8243; img_size=&#8221;full&#8221; alignment=&#8221;center&#8221;][\/vc_column][vc_column width=&#8221;1\/2&#8243;][vc_column_text]<\/p>\n<div class=\"balkon-folio-content-wrap\">\n<div class=\"det-info\">\n<p class=\"no-rep\">Mutlu Ak\u00fc projelendirilmesi<\/p>\n<p class=\"no-rep\">\n<\/div>\n<\/div>\n<div class=\"balkon-folio-details-wrap Mutlu Ak\u00fc\">\n<div class=\"det-info\">\n<div class=\"clearfix\"><\/div>\n<ul class=\"pr-list\">\n<li>TAR\u0130H :\u00a012.02.2019<\/li>\n<li>M\u00dc\u015eTER\u0130 :\u00a0MUTLU AK\u00dc<\/li>\n<li>;DURUM :\u00a0TAMAMLANDI<\/li>\n<li>YER :\u00a0T\u00dcRK\u0130YE GENEL\u0130<\/li>\n<\/ul>\n<\/div>\n<\/div>\n<p>[\/vc_column_text][\/vc_column][\/vc_row]<\/p>\n","protected":false},"excerpt":{"rendered":"<p>[vc_row][vc_column width=&#8221;1\/2&#8243;][vc_single_image image=&#8221;1157&#8243; img_size=&#8221;full&#8221; alignment=&#8221;center&#8221;][\/vc_column][vc_column width=&#8221;1\/2&#8243;][vc_column_text] Mutlu Ak\u00fc projelendirilmesi TAR\u0130H :\u00a012.02.2019 M\u00dc\u015eTER\u0130 :\u00a0MUTLU AK\u00dc ;DURUM :\u00a0TAMAMLANDI YER :\u00a0T\u00dcRK\u0130YE GENEL\u0130 [\/vc_column_text][\/vc_column][\/vc_row]<\/p>\n","protected":false},"author":1,"featured_media":0,"parent":0,"menu_order":0,"comment_status":"closed","ping_status":"closed","template":"","meta":[],"_links":{"self":[{"href":"http:\/\/www.narelmuhendislik.com\/en\/wp-json\/wp\/v2\/pages\/891"}],"collection":[{"href":"http:\/\/www.narelmuhendislik.com\/en\/wp-json\/wp\/v2\/pages"}],"about":[{"href":"http:\/\/www.narelmuhendislik.com\/en\/wp-json\/wp\/v2\/types\/page"}],"author":[{"embeddable":true,"href":"http:\/\/www.narelmuhendislik.com\/en\/wp-json\/wp\/v2\/users\/1"}],"replies":[{"embeddable":true,"href":"http:\/\/www.narelmuhendislik.com\/en\/wp-json\/wp\/v2\/comments?post=891"}],"version-history":[{"count":2,"href":"http:\/\/www.narelmuhendislik.com\/en\/wp-json\/wp\/v2\/pages\/891\/revisions"}],"predecessor-version":[{"id":1158,"href":"http:\/\/www.narelmuhendislik.com\/en\/wp-json\/wp\/v2\/pages\/891\/revisions\/1158"}],"wp:attachment":[{"href":"http:\/\/www.narelmuhendislik.com\/en\/wp-json\/wp\/v2\/media?parent=891"}],"curies":[{"name":"wp","href":"https:\/\/api.w.org\/{rel}","templated":true}]}}