{"id":871,"date":"2021-08-08T16:37:25","date_gmt":"2021-08-08T13:37:25","guid":{"rendered":"http:\/\/www.narelmuhendislik.com\/?page_id=871"},"modified":"2021-08-18T16:03:24","modified_gmt":"2021-08-18T13:03:24","slug":"heramis-spa-ve-sosyal-tesis","status":"publish","type":"page","link":"http:\/\/www.narelmuhendislik.com\/en\/heramis-spa-ve-sosyal-tesis\/","title":{"rendered":"Heramis SPA ve Sosyal Tesis"},"content":{"rendered":"<p>[vc_row][vc_column width=&#8221;1\/2&#8243;][vc_single_image image=&#8221;1138&#8243; img_size=&#8221;full&#8221; alignment=&#8221;center&#8221;][\/vc_column][vc_column width=&#8221;1\/2&#8243;][vc_column_text]<\/p>\n<div class=\"balkon-folio-content-wrap\">\n<div class=\"det-info\">\n<p class=\"no-rep\">Heramis SPA ve Sosyal Tesis projelendirilmesi<\/p>\n<p class=\"no-rep\">\n<\/div>\n<\/div>\n<div class=\"balkon-folio-details-wrap Heramis SPA ve Sosyal Tesis\">\n<div class=\"det-info\">\n<div class=\"clearfix\"><\/div>\n<ul class=\"pr-list\">\n<li>TAR\u0130H :\u00a015.04.2019<\/li>\n<li>M\u00dc\u015eTER\u0130 :\u00a0HERAM\u0130S SPA VE SOSYAL TES\u0130S<\/li>\n<li>;DURUM :\u00a0TAMAMLANDI<\/li>\n<li>YER :\u00a0T\u00dcRK\u0130YE GENEL\u0130<\/li>\n<\/ul>\n<\/div>\n<\/div>\n<p>[\/vc_column_text][\/vc_column][\/vc_row]<\/p>\n","protected":false},"excerpt":{"rendered":"<p>[vc_row][vc_column width=&#8221;1\/2&#8243;][vc_single_image image=&#8221;1138&#8243; img_size=&#8221;full&#8221; alignment=&#8221;center&#8221;][\/vc_column][vc_column width=&#8221;1\/2&#8243;][vc_column_text] Heramis SPA ve Sosyal Tesis projelendirilmesi TAR\u0130H :\u00a015.04.2019 M\u00dc\u015eTER\u0130 :\u00a0HERAM\u0130S SPA VE SOSYAL TES\u0130S ;DURUM :\u00a0TAMAMLANDI YER :\u00a0T\u00dcRK\u0130YE GENEL\u0130 [\/vc_column_text][\/vc_column][\/vc_row]<\/p>\n","protected":false},"author":1,"featured_media":0,"parent":0,"menu_order":0,"comment_status":"closed","ping_status":"closed","template":"","meta":[],"_links":{"self":[{"href":"http:\/\/www.narelmuhendislik.com\/en\/wp-json\/wp\/v2\/pages\/871"}],"collection":[{"href":"http:\/\/www.narelmuhendislik.com\/en\/wp-json\/wp\/v2\/pages"}],"about":[{"href":"http:\/\/www.narelmuhendislik.com\/en\/wp-json\/wp\/v2\/types\/page"}],"author":[{"embeddable":true,"href":"http:\/\/www.narelmuhendislik.com\/en\/wp-json\/wp\/v2\/users\/1"}],"replies":[{"embeddable":true,"href":"http:\/\/www.narelmuhendislik.com\/en\/wp-json\/wp\/v2\/comments?post=871"}],"version-history":[{"count":2,"href":"http:\/\/www.narelmuhendislik.com\/en\/wp-json\/wp\/v2\/pages\/871\/revisions"}],"predecessor-version":[{"id":1139,"href":"http:\/\/www.narelmuhendislik.com\/en\/wp-json\/wp\/v2\/pages\/871\/revisions\/1139"}],"wp:attachment":[{"href":"http:\/\/www.narelmuhendislik.com\/en\/wp-json\/wp\/v2\/media?parent=871"}],"curies":[{"name":"wp","href":"https:\/\/api.w.org\/{rel}","templated":true}]}}