{"id":856,"date":"2021-08-08T16:35:23","date_gmt":"2021-08-08T13:35:23","guid":{"rendered":"http:\/\/www.narelmuhendislik.com\/?page_id=856"},"modified":"2021-08-23T16:23:54","modified_gmt":"2021-08-23T13:23:54","slug":"ticarethane-ve-ofisler","status":"publish","type":"page","link":"http:\/\/www.narelmuhendislik.com\/en\/ticarethane-ve-ofisler\/","title":{"rendered":"T\u0130CARETHANE VE OF\u0130SLER"},"content":{"rendered":"<p>[vc_row][vc_column]<ul class='filter style-1' style='display: none'><i style=\"color: #000000;\" class=\"fa fa-filter\"><\/i><li><button style=\"color: #000000;\" data-filter=\"*\">All<\/button><\/li><\/ul><ul class='portfolio isotope classic' data-page='1' data-per-page='-1' data-number='23' data-mobile-class='mobile_class' data-type='classic' data-columns='3' data-order='' data-orderby='default' data-category='21'><li class='isotope-item ticarethane-ve-ofisler col-xs-6 col-md-4'><article class='inner'><a class='item-hover' href='http:\/\/www.narelmuhendislik.com\/en\/portfolio\/hiwa-rauf-tower\/'><div class='mask'><\/div><div class='item-info'><div class='headline'><h2>HIWA RAUF TOWER<\/h2><\/div><\/div><\/a><div class='item-img'><img width=\"360\" height=\"267\" src=\"http:\/\/www.narelmuhendislik.com\/wp-content\/uploads\/2024\/04\/581-360x267.jpg\" class=\"attachment-post-thumb attachment-post-thumb size-post-thumb wp-post-image\" alt=\"\" loading=\"lazy\" \/><\/div><\/article><\/li><li class='isotope-item ticarethane-ve-ofisler col-xs-6 col-md-4'><article class='inner'><a class='item-hover' href='http:\/\/www.narelmuhendislik.com\/en\/portfolio\/kiyi-istanbul-2-etap\/'><div class='mask'><\/div><div class='item-info'><div class='headline'><h2>KIYI ISTANBUL 2ND STAGE<\/h2><\/div><\/div><\/a><div class='item-img'><img width=\"360\" height=\"267\" src=\"http:\/\/www.narelmuhendislik.com\/wp-content\/uploads\/2024\/04\/52-2-1-360x267.jpg\" class=\"attachment-post-thumb attachment-post-thumb size-post-thumb wp-post-image\" alt=\"\" loading=\"lazy\" \/><\/div><\/article><\/li><li class='isotope-item konut ticarethane-ve-ofisler col-xs-6 col-md-4'><article class='inner'><a class='item-hover' href='http:\/\/www.narelmuhendislik.com\/en\/portfolio\/cadde-cerkezkoy\/'><div class='mask'><\/div><div class='item-info'><div class='headline'><h2>STREET \u00c7ERKEZK\u00d6Y<\/h2><\/div><\/div><\/a><div class='item-img'><img width=\"360\" height=\"267\" src=\"http:\/\/www.narelmuhendislik.com\/wp-content\/uploads\/2024\/04\/51-1-360x267.jpg\" class=\"attachment-post-thumb attachment-post-thumb size-post-thumb wp-post-image\" alt=\"\" loading=\"lazy\" \/><\/div><\/article><\/li><li class='isotope-item ticarethane-ve-ofisler col-xs-6 col-md-4'><article class='inner'><a class='item-hover' href='http:\/\/www.narelmuhendislik.com\/en\/portfolio\/arcelik-eskisehir\/'><div class='mask'><\/div><div class='item-info'><div class='headline'><h2>Ar\u00e7elik Eski\u015fehir<\/h2><\/div><\/div><\/a><div class='item-img'><img width=\"360\" height=\"267\" src=\"http:\/\/www.narelmuhendislik.com\/wp-content\/uploads\/2021\/09\/34-1-360x267.jpg\" class=\"attachment-post-thumb attachment-post-thumb size-post-thumb wp-post-image\" alt=\"\" loading=\"lazy\" \/><\/div><\/article><\/li><li class='isotope-item ticarethane-ve-ofisler col-xs-6 col-md-4'><article class='inner'><a class='item-hover' href='http:\/\/www.narelmuhendislik.com\/en\/portfolio\/architech-teknopark-ofis\/'><div class='mask'><\/div><div class='item-info'><div class='headline'><h2>Architech Teknopark Ofis<\/h2><\/div><\/div><\/a><div class='item-img'><img width=\"360\" height=\"267\" src=\"http:\/\/www.narelmuhendislik.com\/wp-content\/uploads\/2021\/09\/RESIM-1-360x267.jpg\" class=\"attachment-post-thumb attachment-post-thumb size-post-thumb wp-post-image\" alt=\"\" loading=\"lazy\" \/><\/div><\/article><\/li><li class='isotope-item ticarethane-ve-ofisler col-xs-6 col-md-4'><article class='inner'><a class='item-hover' href='http:\/\/www.narelmuhendislik.com\/en\/portfolio\/cimsa\/'><div class='mask'><\/div><div class='item-info'><div class='headline'><h2>Cimsa<\/h2><\/div><\/div><\/a><div class='item-img'><img width=\"360\" height=\"267\" src=\"http:\/\/www.narelmuhendislik.com\/wp-content\/uploads\/2021\/09\/20-1-360x267.jpg\" class=\"attachment-post-thumb attachment-post-thumb size-post-thumb wp-post-image\" alt=\"\" loading=\"lazy\" \/><\/div><\/article><\/li><li class='isotope-item ticarethane-ve-ofisler col-xs-6 col-md-4'><article class='inner'><a class='item-hover' href='http:\/\/www.narelmuhendislik.com\/en\/portfolio\/kuris-kule-ofis\/'><div class='mask'><\/div><div class='item-info'><div class='headline'><h2>Kuri\u015f Kule Ofis<\/h2><\/div><\/div><\/a><div class='item-img'><img width=\"360\" height=\"267\" src=\"http:\/\/www.narelmuhendislik.com\/wp-content\/uploads\/2021\/08\/kuris-360x267.png\" class=\"attachment-post-thumb attachment-post-thumb size-post-thumb wp-post-image\" alt=\"\" loading=\"lazy\" \/><\/div><\/article><\/li><li class='isotope-item ticarethane-ve-ofisler col-xs-6 col-md-4'><article class='inner'><a class='item-hover' href='http:\/\/www.narelmuhendislik.com\/en\/portfolio\/tk-magazalari\/'><div class='mask'><\/div><div class='item-info'><div class='headline'><h2>T&#038;K Ma\u011fazalar\u0131<\/h2><\/div><\/div><\/a><div class='item-img'><img width=\"360\" height=\"267\" src=\"http:\/\/www.narelmuhendislik.com\/wp-content\/uploads\/2021\/08\/tk-magaza-360x267.png\" class=\"attachment-post-thumb attachment-post-thumb size-post-thumb wp-post-image\" alt=\"\" loading=\"lazy\" \/><\/div><\/article><\/li><li class='isotope-item ticarethane-ve-ofisler col-xs-6 col-md-4'><article class='inner'><a class='item-hover' href='http:\/\/www.narelmuhendislik.com\/en\/portfolio\/ozkuruslar-depo-2\/'><div class='mask'><\/div><div class='item-info'><div class='headline'><h2>\u00d6zkuru\u015flar Depo<\/h2><\/div><\/div><\/a><div class='item-img'><img width=\"360\" height=\"267\" src=\"http:\/\/www.narelmuhendislik.com\/wp-content\/uploads\/2021\/08\/ozkuruslar-depo-1-360x267.png\" class=\"attachment-post-thumb attachment-post-thumb size-post-thumb wp-post-image\" alt=\"\" loading=\"lazy\" \/><\/div><\/article><\/li><li class='isotope-item ticarethane-ve-ofisler col-xs-6 col-md-4'><article class='inner'><a class='item-hover' href='http:\/\/www.narelmuhendislik.com\/en\/portfolio\/fas-bagdas\/'><div class='mask'><\/div><div class='item-info'><div class='headline'><h2>Fas Bagdas<\/h2><\/div><\/div><\/a><div class='item-img'><img width=\"360\" height=\"267\" src=\"http:\/\/www.narelmuhendislik.com\/wp-content\/uploads\/2021\/08\/1-FAS-360x267.jpg\" class=\"attachment-post-thumb attachment-post-thumb size-post-thumb wp-post-image\" alt=\"\" loading=\"lazy\" \/><\/div><\/article><\/li><li class='isotope-item ticarethane-ve-ofisler col-xs-6 col-md-4'><article class='inner'><a class='item-hover' href='http:\/\/www.narelmuhendislik.com\/en\/portfolio\/turkcell-tepebasi-ofisitasyon\/'><div class='mask'><\/div><div class='item-info'><div class='headline'><h2>Turkcell Tepeba\u015f\u0131 Ofisitasyon<\/h2><\/div><\/div><\/a><div class='item-img'><img width=\"360\" height=\"267\" src=\"http:\/\/www.narelmuhendislik.com\/wp-content\/uploads\/2021\/08\/1-TURKCELL-360x267.jpg\" class=\"attachment-post-thumb attachment-post-thumb size-post-thumb wp-post-image\" alt=\"\" loading=\"lazy\" \/><\/div><\/article><\/li><li class='isotope-item ticarethane-ve-ofisler col-xs-6 col-md-4'><article class='inner'><a class='item-hover' href='http:\/\/www.narelmuhendislik.com\/en\/portfolio\/thy-izmir-kargo-binasi\/'><div class='mask'><\/div><div class='item-info'><div class='headline'><h2>THY \u0130zmir Kargo Binas\u0131<\/h2><\/div><\/div><\/a><div class='item-img'><img width=\"360\" height=\"267\" src=\"http:\/\/www.narelmuhendislik.com\/wp-content\/uploads\/2021\/08\/THY-360x267.jpg\" class=\"attachment-post-thumb attachment-post-thumb size-post-thumb wp-post-image\" alt=\"\" loading=\"lazy\" \/><\/div><\/article><\/li><li class='isotope-item ticarethane-ve-ofisler col-xs-6 col-md-4'><article class='inner'><a class='item-hover' href='http:\/\/www.narelmuhendislik.com\/en\/portfolio\/emmar-magazalari\/'><div class='mask'><\/div><div class='item-info'><div class='headline'><h2>Emmar Ma\u011fazalar\u0131<\/h2><\/div><\/div><\/a><div class='item-img'><img width=\"360\" height=\"267\" src=\"http:\/\/www.narelmuhendislik.com\/wp-content\/uploads\/2021\/08\/emmar-360x267.jpg\" class=\"attachment-post-thumb attachment-post-thumb size-post-thumb wp-post-image\" alt=\"\" loading=\"lazy\" \/><\/div><\/article><\/li><li class='isotope-item ticarethane-ve-ofisler col-xs-6 col-md-4'><article class='inner'><a class='item-hover' href='http:\/\/www.narelmuhendislik.com\/en\/portfolio\/scoop-lounge-istmarina\/'><div class='mask'><\/div><div class='item-info'><div class='headline'><h2>Scoop Lounge \u0130stmarina<\/h2><\/div><\/div><\/a><div class='item-img'><img width=\"360\" height=\"267\" src=\"http:\/\/www.narelmuhendislik.com\/wp-content\/uploads\/2021\/08\/scoop-360x267.jpg\" class=\"attachment-post-thumb attachment-post-thumb size-post-thumb wp-post-image\" alt=\"\" loading=\"lazy\" \/><\/div><\/article><\/li><li class='isotope-item ticarethane-ve-ofisler col-xs-6 col-md-4'><article class='inner'><a class='item-hover' href='http:\/\/www.narelmuhendislik.com\/en\/portfolio\/ozkuruslar-magaza-zinciri\/'><div class='mask'><\/div><div class='item-info'><div class='headline'><h2>\u00d6zkuru\u015flar Ma\u011faza Zinciri<\/h2><\/div><\/div><\/a><div class='item-img'><img width=\"360\" height=\"267\" src=\"http:\/\/www.narelmuhendislik.com\/wp-content\/uploads\/2021\/08\/ozkuruslarmagaza-360x267.jpg\" class=\"attachment-post-thumb attachment-post-thumb size-post-thumb wp-post-image\" alt=\"\" loading=\"lazy\" \/><\/div><\/article><\/li><li class='isotope-item ticarethane-ve-ofisler col-xs-6 col-md-4'><article class='inner'><a class='item-hover' href='http:\/\/www.narelmuhendislik.com\/en\/portfolio\/oyak-dragos-satis-ofisi\/'><div class='mask'><\/div><div class='item-info'><div class='headline'><h2>Oyak Dragos Sat\u0131\u015f Ofisi<\/h2><\/div><\/div><\/a><div class='item-img'><img width=\"360\" height=\"267\" src=\"http:\/\/www.narelmuhendislik.com\/wp-content\/uploads\/2021\/08\/oyak-360x267.png\" class=\"attachment-post-thumb attachment-post-thumb size-post-thumb wp-post-image\" alt=\"\" loading=\"lazy\" \/><\/div><\/article><\/li><li class='isotope-item ticarethane-ve-ofisler col-xs-6 col-md-4'><article class='inner'><a class='item-hover' href='http:\/\/www.narelmuhendislik.com\/en\/portfolio\/izmir-torbali\/'><div class='mask'><\/div><div class='item-info'><div class='headline'><h2>\u0130zmir Torbal\u0131<\/h2><\/div><\/div><\/a><div class='item-img'><img width=\"360\" height=\"267\" src=\"http:\/\/www.narelmuhendislik.com\/wp-content\/uploads\/2021\/08\/3-22-2-360x267.jpg\" class=\"attachment-post-thumb attachment-post-thumb size-post-thumb wp-post-image\" alt=\"\" loading=\"lazy\" \/><\/div><\/article><\/li><li class='isotope-item ticarethane-ve-ofisler turistik-tesisler col-xs-6 col-md-4'><article class='inner'><a class='item-hover' href='http:\/\/www.narelmuhendislik.com\/en\/portfolio\/the-international-hotel-project-in-baghdad\/'><div class='mask'><\/div><div class='item-info'><div class='headline'><h2>The International Hotel Project In Baghdad<\/h2><\/div><\/div><\/a><div class='item-img'><img width=\"360\" height=\"267\" src=\"http:\/\/www.narelmuhendislik.com\/wp-content\/uploads\/2021\/09\/1-1-360x267.jpg\" class=\"attachment-post-thumb attachment-post-thumb size-post-thumb wp-post-image\" alt=\"\" loading=\"lazy\" \/><\/div><\/article><\/li><li class='isotope-item ticarethane-ve-ofisler col-xs-6 col-md-4'><article class='inner'><a class='item-hover' href='http:\/\/www.narelmuhendislik.com\/en\/portfolio\/avivasa-renovasyonu\/'><div class='mask'><\/div><div class='item-info'><div class='headline'><h2>AvivaSA Genel M\u00fcd\u00fcrl\u00fck<\/h2><\/div><\/div><\/a><div class='item-img'><img width=\"360\" height=\"267\" src=\"http:\/\/www.narelmuhendislik.com\/wp-content\/uploads\/2021\/08\/avivasa-360x267.png\" class=\"attachment-post-thumb attachment-post-thumb size-post-thumb wp-post-image\" alt=\"\" loading=\"lazy\" \/><\/div><\/article><\/li><li class='isotope-item ticarethane-ve-ofisler col-xs-6 col-md-4'><article class='inner'><a class='item-hover' href='http:\/\/www.narelmuhendislik.com\/en\/portfolio\/oyak-dragos\/'><div class='mask'><\/div><div class='item-info'><div class='headline'><h2>(Turkish) Oyak Dragos<\/h2><\/div><\/div><\/a><div class='item-img'><img width=\"360\" height=\"267\" src=\"http:\/\/www.narelmuhendislik.com\/wp-content\/uploads\/2021\/09\/1-360x267.jpg\" class=\"attachment-post-thumb attachment-post-thumb size-post-thumb wp-post-image\" alt=\"\" loading=\"lazy\" \/><\/div><\/article><\/li><li class='isotope-item ticarethane-ve-ofisler col-xs-6 col-md-4'><article class='inner'><a class='item-hover' href='http:\/\/www.narelmuhendislik.com\/en\/portfolio\/khalifa-mall\/'><div class='mask'><\/div><div class='item-info'><div class='headline'><h2>Khalifa Mall<\/h2><\/div><\/div><\/a><div class='item-img'><img width=\"360\" height=\"267\" src=\"http:\/\/www.narelmuhendislik.com\/wp-content\/uploads\/2021\/08\/khalf-360x267.jpg\" class=\"attachment-post-thumb attachment-post-thumb size-post-thumb wp-post-image\" alt=\"\" loading=\"lazy\" \/><\/div><\/article><\/li><li class='isotope-item ticarethane-ve-ofisler col-xs-6 col-md-4'><article class='inner'><a class='item-hover' href='http:\/\/www.narelmuhendislik.com\/en\/portfolio\/autogross\/'><div class='mask'><\/div><div class='item-info'><div class='headline'><h2>(Turkish) AUTOGROSS<\/h2><\/div><\/div><\/a><div class='item-img'><img width=\"360\" height=\"267\" src=\"http:\/\/www.narelmuhendislik.com\/wp-content\/uploads\/2022\/11\/1-2-360x267.jpg\" class=\"attachment-post-thumb attachment-post-thumb size-post-thumb wp-post-image\" alt=\"\" loading=\"lazy\" \/><\/div><\/article><\/li><li class='isotope-item ticarethane-ve-ofisler col-xs-6 col-md-4'><article class='inner'><a class='item-hover' href='http:\/\/www.narelmuhendislik.com\/en\/portfolio\/downtown-avm\/'><div class='mask'><\/div><div class='item-info'><div class='headline'><h2>(Turkish) DOWNTOWN AVM<\/h2><\/div><\/div><\/a><div class='item-img'><img width=\"360\" height=\"267\" src=\"http:\/\/www.narelmuhendislik.com\/wp-content\/uploads\/2022\/11\/1-1-360x267.jpg\" class=\"attachment-post-thumb attachment-post-thumb size-post-thumb wp-post-image\" alt=\"\" loading=\"lazy\" \/><\/div><\/article><\/li><\/ul><div class='portfolio-pagination'><\/div>[\/vc_column][\/vc_row]<\/p>\n","protected":false},"excerpt":{"rendered":"<p>[vc_row][vc_column][\/vc_column][\/vc_row]<\/p>\n","protected":false},"author":1,"featured_media":0,"parent":0,"menu_order":0,"comment_status":"closed","ping_status":"closed","template":"","meta":[],"_links":{"self":[{"href":"http:\/\/www.narelmuhendislik.com\/en\/wp-json\/wp\/v2\/pages\/856"}],"collection":[{"href":"http:\/\/www.narelmuhendislik.com\/en\/wp-json\/wp\/v2\/pages"}],"about":[{"href":"http:\/\/www.narelmuhendislik.com\/en\/wp-json\/wp\/v2\/types\/page"}],"author":[{"embeddable":true,"href":"http:\/\/www.narelmuhendislik.com\/en\/wp-json\/wp\/v2\/users\/1"}],"replies":[{"embeddable":true,"href":"http:\/\/www.narelmuhendislik.com\/en\/wp-json\/wp\/v2\/comments?post=856"}],"version-history":[{"count":2,"href":"http:\/\/www.narelmuhendislik.com\/en\/wp-json\/wp\/v2\/pages\/856\/revisions"}],"predecessor-version":[{"id":1395,"href":"http:\/\/www.narelmuhendislik.com\/en\/wp-json\/wp\/v2\/pages\/856\/revisions\/1395"}],"wp:attachment":[{"href":"http:\/\/www.narelmuhendislik.com\/en\/wp-json\/wp\/v2\/media?parent=856"}],"curies":[{"name":"wp","href":"https:\/\/api.w.org\/{rel}","templated":true}]}}