{"id":853,"date":"2021-08-08T16:34:53","date_gmt":"2021-08-08T13:34:53","guid":{"rendered":"http:\/\/www.narelmuhendislik.com\/?page_id=853"},"modified":"2021-08-23T16:22:04","modified_gmt":"2021-08-23T13:22:04","slug":"endustriyal-tesisler","status":"publish","type":"page","link":"http:\/\/www.narelmuhendislik.com\/en\/endustriyal-tesisler\/","title":{"rendered":"END\u00dcSTR\u0130YAL TES\u0130SLER"},"content":{"rendered":"<p>[vc_row][vc_column]<ul class='filter style-1' style='display: none'><i style=\"color: #000000;\" class=\"fa fa-filter\"><\/i><li><button style=\"color: #000000;\" data-filter=\"*\">All<\/button><\/li><\/ul><ul class='portfolio isotope classic' data-page='1' data-per-page='-1' data-number='10' data-mobile-class='mobile_class' data-type='classic' data-columns='3' data-order='' data-orderby='default' data-category='19'><li class='isotope-item endustriyal-tesisler col-xs-6 col-md-4'><article class='inner'><a class='item-hover' href='http:\/\/www.narelmuhendislik.com\/en\/portfolio\/kirikkale-silah-fabrikasi\/'><div class='mask'><\/div><div class='item-info'><div class='headline'><h2>KIRIKKALE WEAPON FACTORY<\/h2><\/div><\/div><\/a><div class='item-img'><img width=\"360\" height=\"267\" src=\"http:\/\/www.narelmuhendislik.com\/wp-content\/uploads\/2024\/04\/50-1-1-360x267.jpg\" class=\"attachment-post-thumb attachment-post-thumb size-post-thumb wp-post-image\" alt=\"\" loading=\"lazy\" \/><\/div><\/article><\/li><li class='isotope-item endustriyal-tesisler col-xs-6 col-md-4'><article class='inner'><a class='item-hover' href='http:\/\/www.narelmuhendislik.com\/en\/portfolio\/vepa-firca-fabrikasi\/'><div class='mask'><\/div><div class='item-info'><div class='headline'><h2>VEPA BRUSH FACTORY<\/h2><\/div><\/div><\/a><div class='item-img'><img width=\"360\" height=\"267\" src=\"http:\/\/www.narelmuhendislik.com\/wp-content\/uploads\/2024\/04\/49-1-360x267.jpg\" class=\"attachment-post-thumb attachment-post-thumb size-post-thumb wp-post-image\" alt=\"\" loading=\"lazy\" \/><\/div><\/article><\/li><li class='isotope-item endustriyal-tesisler col-xs-6 col-md-4'><article class='inner'><a class='item-hover' href='http:\/\/www.narelmuhendislik.com\/en\/portfolio\/sinus\/'><div class='mask'><\/div><div class='item-info'><div class='headline'><h2>Sinus<\/h2><\/div><\/div><\/a><div class='item-img'><img width=\"360\" height=\"267\" src=\"http:\/\/www.narelmuhendislik.com\/wp-content\/uploads\/2021\/08\/sinus-360x267.png\" class=\"attachment-post-thumb attachment-post-thumb size-post-thumb wp-post-image\" alt=\"\" loading=\"lazy\" \/><\/div><\/article><\/li><li class='isotope-item endustriyal-tesisler col-xs-6 col-md-4'><article class='inner'><a class='item-hover' href='http:\/\/www.narelmuhendislik.com\/en\/portfolio\/ozkuruslar-depo\/'><div class='mask'><\/div><div class='item-info'><div class='headline'><h2>\u00d6zkuru\u015flar Depo<\/h2><\/div><\/div><\/a><div class='item-img'><img width=\"360\" height=\"267\" src=\"http:\/\/www.narelmuhendislik.com\/wp-content\/uploads\/2021\/08\/ozkuruslar-depo-360x267.png\" class=\"attachment-post-thumb attachment-post-thumb size-post-thumb wp-post-image\" alt=\"\" loading=\"lazy\" \/><\/div><\/article><\/li><li class='isotope-item endustriyal-tesisler col-xs-6 col-md-4'><article class='inner'><a class='item-hover' href='http:\/\/www.narelmuhendislik.com\/en\/portfolio\/meztas-entegre\/'><div class='mask'><\/div><div class='item-info'><div class='headline'><h2>Mezta\u015f Entegre<\/h2><\/div><\/div><\/a><div class='item-img'><img width=\"360\" height=\"267\" src=\"http:\/\/www.narelmuhendislik.com\/wp-content\/uploads\/2021\/08\/1-MEZTAS-360x267.jpg\" class=\"attachment-post-thumb attachment-post-thumb size-post-thumb wp-post-image\" alt=\"\" loading=\"lazy\" \/><\/div><\/article><\/li><li class='isotope-item endustriyal-tesisler col-xs-6 col-md-4'><article class='inner'><a class='item-hover' href='http:\/\/www.narelmuhendislik.com\/en\/portfolio\/kastamonu-entegre-samsun-farikasi\/'><div class='mask'><\/div><div class='item-info'><div class='headline'><h2>Kastamonu Entegre Samsun Farikas\u0131<\/h2><\/div><\/div><\/a><div class='item-img'><img width=\"360\" height=\"267\" src=\"http:\/\/www.narelmuhendislik.com\/wp-content\/uploads\/2021\/08\/kastamonuentegre-360x267.jpg\" class=\"attachment-post-thumb attachment-post-thumb size-post-thumb wp-post-image\" alt=\"\" loading=\"lazy\" \/><\/div><\/article><\/li><li class='isotope-item endustriyal-tesisler col-xs-6 col-md-4'><article class='inner'><a class='item-hover' href='http:\/\/www.narelmuhendislik.com\/en\/portfolio\/keu\/'><div class='mask'><\/div><div class='item-info'><div class='headline'><h2>Keu<\/h2><\/div><\/div><\/a><div class='item-img'><img width=\"360\" height=\"267\" src=\"http:\/\/www.narelmuhendislik.com\/wp-content\/uploads\/2021\/08\/1-KEU-1-360x267.jpg\" class=\"attachment-post-thumb attachment-post-thumb size-post-thumb wp-post-image\" alt=\"\" loading=\"lazy\" \/><\/div><\/article><\/li><li class='isotope-item endustriyal-tesisler col-xs-6 col-md-4'><article class='inner'><a class='item-hover' href='http:\/\/www.narelmuhendislik.com\/en\/portfolio\/mutlu-aku\/'><div class='mask'><\/div><div class='item-info'><div class='headline'><h2>Mutlu Ak\u00fc<\/h2><\/div><\/div><\/a><div class='item-img'><img width=\"360\" height=\"267\" src=\"http:\/\/www.narelmuhendislik.com\/wp-content\/uploads\/2021\/08\/mutlu-360x267.png\" class=\"attachment-post-thumb attachment-post-thumb size-post-thumb wp-post-image\" alt=\"\" loading=\"lazy\" \/><\/div><\/article><\/li><li class='isotope-item endustriyal-tesisler col-xs-6 col-md-4'><article class='inner'><a class='item-hover' href='http:\/\/www.narelmuhendislik.com\/en\/portfolio\/hgyo-dilovasi\/'><div class='mask'><\/div><div class='item-info'><div class='headline'><h2>(Turkish) HGYO DILOVASI<\/h2><\/div><\/div><\/a><div class='item-img'><img width=\"360\" height=\"267\" src=\"http:\/\/www.narelmuhendislik.com\/wp-content\/uploads\/2022\/11\/1-360x267.jpg\" class=\"attachment-post-thumb attachment-post-thumb size-post-thumb wp-post-image\" alt=\"\" loading=\"lazy\" \/><\/div><\/article><\/li><li class='isotope-item endustriyal-tesisler col-xs-6 col-md-4'><article class='inner'><a class='item-hover' href='http:\/\/www.narelmuhendislik.com\/en\/portfolio\/aquaana-su-uretim-tesisi\/'><div class='mask'><\/div><div class='item-info'><div class='headline'><h2>(Turkish) AQUAANA SU \u00dcRET\u0130M TES\u0130S\u0130<\/h2><\/div><\/div><\/a><div class='item-img'><img width=\"360\" height=\"267\" src=\"http:\/\/www.narelmuhendislik.com\/wp-content\/uploads\/2022\/11\/1-3-360x267.jpg\" class=\"attachment-post-thumb attachment-post-thumb size-post-thumb wp-post-image\" alt=\"\" loading=\"lazy\" \/><\/div><\/article><\/li><\/ul><div class='portfolio-pagination'><\/div>[\/vc_column][\/vc_row]<\/p>\n","protected":false},"excerpt":{"rendered":"<p>[vc_row][vc_column][\/vc_column][\/vc_row]<\/p>\n","protected":false},"author":1,"featured_media":0,"parent":0,"menu_order":0,"comment_status":"closed","ping_status":"closed","template":"","meta":[],"_links":{"self":[{"href":"http:\/\/www.narelmuhendislik.com\/en\/wp-json\/wp\/v2\/pages\/853"}],"collection":[{"href":"http:\/\/www.narelmuhendislik.com\/en\/wp-json\/wp\/v2\/pages"}],"about":[{"href":"http:\/\/www.narelmuhendislik.com\/en\/wp-json\/wp\/v2\/types\/page"}],"author":[{"embeddable":true,"href":"http:\/\/www.narelmuhendislik.com\/en\/wp-json\/wp\/v2\/users\/1"}],"replies":[{"embeddable":true,"href":"http:\/\/www.narelmuhendislik.com\/en\/wp-json\/wp\/v2\/comments?post=853"}],"version-history":[{"count":2,"href":"http:\/\/www.narelmuhendislik.com\/en\/wp-json\/wp\/v2\/pages\/853\/revisions"}],"predecessor-version":[{"id":1393,"href":"http:\/\/www.narelmuhendislik.com\/en\/wp-json\/wp\/v2\/pages\/853\/revisions\/1393"}],"wp:attachment":[{"href":"http:\/\/www.narelmuhendislik.com\/en\/wp-json\/wp\/v2\/media?parent=853"}],"curies":[{"name":"wp","href":"https:\/\/api.w.org\/{rel}","templated":true}]}}