{"id":852,"date":"2021-08-08T16:34:42","date_gmt":"2021-08-08T13:34:42","guid":{"rendered":"http:\/\/www.narelmuhendislik.com\/?page_id=852"},"modified":"2021-08-23T16:21:21","modified_gmt":"2021-08-23T13:21:21","slug":"egitim-ve-sosyal-tesisler","status":"publish","type":"page","link":"http:\/\/www.narelmuhendislik.com\/en\/egitim-ve-sosyal-tesisler\/","title":{"rendered":"E\u011e\u0130T\u0130M VE SOSYAL TES\u0130SLER"},"content":{"rendered":"<p>[vc_row][vc_column]<ul class='filter style-1' style='display: none'><i style=\"color: #000000;\" class=\"fa fa-filter\"><\/i><li><button style=\"color: #000000;\" data-filter=\"*\">All<\/button><\/li><\/ul><ul class='portfolio isotope classic' data-page='1' data-per-page='-1' data-number='5' data-mobile-class='mobile_class' data-type='classic' data-columns='3' data-order='' data-orderby='default' data-category='18'><li class='isotope-item egitim-ve-sosyal-tesisler col-xs-6 col-md-4'><article class='inner'><a class='item-hover' href='http:\/\/www.narelmuhendislik.com\/en\/portfolio\/merkez-efendi\/'><div class='mask'><\/div><div class='item-info'><div class='headline'><h2>Merkez Efendi<\/h2><\/div><\/div><\/a><div class='item-img'><img src='http:\/\/www.narelmuhendislik.com\/wp-content\/uploads\/2021\/08\/merkez-efendi-360x267.png' \/><\/div><\/article><\/li><li class='isotope-item egitim-ve-sosyal-tesisler col-xs-6 col-md-4'><article class='inner'><a class='item-hover' href='http:\/\/www.narelmuhendislik.com\/en\/portfolio\/kucukcekmece-belediyesi-bakim-evi\/'><div class='mask'><\/div><div class='item-info'><div class='headline'><h2>K\u00fc\u00e7\u00fck\u00e7ekmece Belediyesi Bak\u0131m Evi<\/h2><\/div><\/div><\/a><div class='item-img'><img width=\"360\" height=\"267\" src=\"http:\/\/www.narelmuhendislik.com\/wp-content\/uploads\/2021\/08\/kucukcekmece-bakimevi-360x267.jpg\" class=\"attachment-post-thumb attachment-post-thumb size-post-thumb wp-post-image\" alt=\"\" loading=\"lazy\" \/><\/div><\/article><\/li><li class='isotope-item egitim-ve-sosyal-tesisler col-xs-6 col-md-4'><article class='inner'><a class='item-hover' href='http:\/\/www.narelmuhendislik.com\/en\/portfolio\/heramis-spa-ve-sosyal-tesis\/'><div class='mask'><\/div><div class='item-info'><div class='headline'><h2>Heramis SPA ve Sosyal Tesis<\/h2><\/div><\/div><\/a><div class='item-img'><img width=\"360\" height=\"267\" src=\"http:\/\/www.narelmuhendislik.com\/wp-content\/uploads\/2021\/08\/heramis-360x267.jpg\" class=\"attachment-post-thumb attachment-post-thumb size-post-thumb wp-post-image\" alt=\"\" loading=\"lazy\" \/><\/div><\/article><\/li><li class='isotope-item egitim-ve-sosyal-tesisler col-xs-6 col-md-4'><article class='inner'><a class='item-hover' href='http:\/\/www.narelmuhendislik.com\/en\/portfolio\/cevat-pasa-ilkogretim-okulu\/'><div class='mask'><\/div><div class='item-info'><div class='headline'><h2>Cevat Pa\u015fa \u0130lk\u00f6\u011fretim Okulu<\/h2><\/div><\/div><\/a><div class='item-img'><img width=\"360\" height=\"267\" src=\"http:\/\/www.narelmuhendislik.com\/wp-content\/uploads\/2021\/08\/cevatpasa-okul-360x267.png\" class=\"attachment-post-thumb attachment-post-thumb size-post-thumb wp-post-image\" alt=\"\" loading=\"lazy\" \/><\/div><\/article><\/li><li class='isotope-item egitim-ve-sosyal-tesisler col-xs-6 col-md-4'><article class='inner'><a class='item-hover' href='http:\/\/www.narelmuhendislik.com\/en\/portfolio\/celal-bayar-universitesi-kutuphanesi\/'><div class='mask'><\/div><div class='item-info'><div class='headline'><h2>Celal Bayar \u00dcniversitesi K\u00fct\u00fcphanesi<\/h2><\/div><\/div><\/a><div class='item-img'><img width=\"360\" height=\"267\" src=\"http:\/\/www.narelmuhendislik.com\/wp-content\/uploads\/2021\/08\/1-CBU-360x267.jpg\" class=\"attachment-post-thumb attachment-post-thumb size-post-thumb wp-post-image\" alt=\"\" loading=\"lazy\" \/><\/div><\/article><\/li><\/ul><div class='portfolio-pagination'><\/div>[\/vc_column][\/vc_row]<\/p>\n","protected":false},"excerpt":{"rendered":"<p>[vc_row][vc_column][\/vc_column][\/vc_row]<\/p>\n","protected":false},"author":1,"featured_media":0,"parent":0,"menu_order":0,"comment_status":"closed","ping_status":"closed","template":"","meta":[],"_links":{"self":[{"href":"http:\/\/www.narelmuhendislik.com\/en\/wp-json\/wp\/v2\/pages\/852"}],"collection":[{"href":"http:\/\/www.narelmuhendislik.com\/en\/wp-json\/wp\/v2\/pages"}],"about":[{"href":"http:\/\/www.narelmuhendislik.com\/en\/wp-json\/wp\/v2\/types\/page"}],"author":[{"embeddable":true,"href":"http:\/\/www.narelmuhendislik.com\/en\/wp-json\/wp\/v2\/users\/1"}],"replies":[{"embeddable":true,"href":"http:\/\/www.narelmuhendislik.com\/en\/wp-json\/wp\/v2\/comments?post=852"}],"version-history":[{"count":6,"href":"http:\/\/www.narelmuhendislik.com\/en\/wp-json\/wp\/v2\/pages\/852\/revisions"}],"predecessor-version":[{"id":1392,"href":"http:\/\/www.narelmuhendislik.com\/en\/wp-json\/wp\/v2\/pages\/852\/revisions\/1392"}],"wp:attachment":[{"href":"http:\/\/www.narelmuhendislik.com\/en\/wp-json\/wp\/v2\/media?parent=852"}],"curies":[{"name":"wp","href":"https:\/\/api.w.org\/{rel}","templated":true}]}}