{"id":849,"date":"2021-08-08T16:33:49","date_gmt":"2021-08-08T13:33:49","guid":{"rendered":"http:\/\/www.narelmuhendislik.com\/?page_id=849"},"modified":"2024-04-23T07:20:04","modified_gmt":"2024-04-23T04:20:04","slug":"portfolyomuz","status":"publish","type":"page","link":"http:\/\/www.narelmuhendislik.com\/en\/portfolyomuz\/","title":{"rendered":"PORTFOLYOMUZ"},"content":{"rendered":"<p><\/p>\n<p>[vc_row css=&#8221;.vc_custom_1628463658206{margin-top: 20px !important;}&#8221;][vc_column]<h1 class='heading-middle  style-1' ><span>OUR PORTFOLIO<\/span><\/h1>[\/vc_column][\/vc_row][vc_row][vc_column]<ul class='filter style-1'><i style=\"color: #000000;\" class=\"fa fa-filter\"><\/i><li><button style=\"color: #000000;\" data-filter=\"*\">All<\/button><\/li><span style=\"color: #000000;\">\/<\/span><li><button style=\"color: #000000;\" data-filter=\"turistik-tesisler\">TOURISTIC FACILITIES<\/button><\/li><span style=\"color: #000000;\">\/<\/span><li><button style=\"color: #000000;\" data-filter=\"ticarethane-ve-ofisler\">COMMERCIAL AND OFFICES<\/button><\/li><span style=\"color: #000000;\">\/<\/span><li><button style=\"color: #000000;\" data-filter=\"saglik\">HEALTH<\/button><\/li><span style=\"color: #000000;\">\/<\/span><li><button style=\"color: #000000;\" data-filter=\"konut\">KONUT<\/button><\/li><span style=\"color: #000000;\">\/<\/span><li><button style=\"color: #000000;\" data-filter=\"endustriyal-tesisler\">INDUSTRIAL FACILITIES<\/button><\/li><span style=\"color: #000000;\">\/<\/span><li><button style=\"color: #000000;\" data-filter=\"egitim-ve-sosyal-tesisler\">EDUCATION AND SOCIAL FACILITIES<\/button><\/li><\/ul><ul class='portfolio isotope classic' data-page='1' data-per-page='12' data-number='55' data-mobile-class='mobile_class' data-type='classic' data-columns='3' data-order='ASC' data-orderby='date' data-category='0'><li class='isotope-item ticarethane-ve-ofisler col-xs-6 col-md-4'><article class='inner'><a class='item-hover' href='http:\/\/www.narelmuhendislik.com\/en\/portfolio\/downtown-avm\/'><div class='mask'><\/div><div class='item-info'><div class='headline'><h2>(Turkish) DOWNTOWN AVM<\/h2><\/div><\/div><\/a><div class='item-img'><img width=\"360\" height=\"267\" src=\"http:\/\/www.narelmuhendislik.com\/wp-content\/uploads\/2022\/11\/1-1-360x267.jpg\" class=\"attachment-post-thumb attachment-post-thumb size-post-thumb wp-post-image\" alt=\"\" loading=\"lazy\" \/><\/div><\/article><\/li><li class='isotope-item konut col-xs-6 col-md-4'><article class='inner'><a class='item-hover' href='http:\/\/www.narelmuhendislik.com\/en\/portfolio\/buyukcekmece-villa\/'><div class='mask'><\/div><div class='item-info'><div class='headline'><h2>(Turkish) B\u00dcY\u00dcK\u00c7EKMECE V\u0130LLA<\/h2><\/div><\/div><\/a><div class='item-img'><img width=\"360\" height=\"267\" src=\"http:\/\/www.narelmuhendislik.com\/wp-content\/uploads\/2022\/11\/1-360x267.jpeg\" class=\"attachment-post-thumb attachment-post-thumb size-post-thumb wp-post-image\" alt=\"\" loading=\"lazy\" \/><\/div><\/article><\/li><li class='isotope-item ticarethane-ve-ofisler col-xs-6 col-md-4'><article class='inner'><a class='item-hover' href='http:\/\/www.narelmuhendislik.com\/en\/portfolio\/autogross\/'><div class='mask'><\/div><div class='item-info'><div class='headline'><h2>(Turkish) AUTOGROSS<\/h2><\/div><\/div><\/a><div class='item-img'><img width=\"360\" height=\"267\" src=\"http:\/\/www.narelmuhendislik.com\/wp-content\/uploads\/2022\/11\/1-2-360x267.jpg\" class=\"attachment-post-thumb attachment-post-thumb size-post-thumb wp-post-image\" alt=\"\" loading=\"lazy\" \/><\/div><\/article><\/li><li class='isotope-item endustriyal-tesisler col-xs-6 col-md-4'><article class='inner'><a class='item-hover' href='http:\/\/www.narelmuhendislik.com\/en\/portfolio\/aquaana-su-uretim-tesisi\/'><div class='mask'><\/div><div class='item-info'><div class='headline'><h2>(Turkish) AQUAANA SU \u00dcRET\u0130M TES\u0130S\u0130<\/h2><\/div><\/div><\/a><div class='item-img'><img width=\"360\" height=\"267\" src=\"http:\/\/www.narelmuhendislik.com\/wp-content\/uploads\/2022\/11\/1-3-360x267.jpg\" class=\"attachment-post-thumb attachment-post-thumb size-post-thumb wp-post-image\" alt=\"\" loading=\"lazy\" \/><\/div><\/article><\/li><li class='isotope-item konut col-xs-6 col-md-4'><article class='inner'><a class='item-hover' href='http:\/\/www.narelmuhendislik.com\/en\/portfolio\/tavakli-arriva-evleri\/'><div class='mask'><\/div><div class='item-info'><div class='headline'><h2>(Turkish) TAVAKLI ARRIVA EVLERI<\/h2><\/div><\/div><\/a><div class='item-img'><img width=\"360\" height=\"267\" src=\"http:\/\/www.narelmuhendislik.com\/wp-content\/uploads\/2022\/11\/1-4-360x267.jpg\" class=\"attachment-post-thumb attachment-post-thumb size-post-thumb wp-post-image\" alt=\"\" loading=\"lazy\" \/><\/div><\/article><\/li><li class='isotope-item konut col-xs-6 col-md-4'><article class='inner'><a class='item-hover' href='http:\/\/www.narelmuhendislik.com\/en\/portfolio\/balikesir-sosyal-konutlari\/'><div class='mask'><\/div><div class='item-info'><div class='headline'><h2>(Turkish) BALIKES\u0130R SOSYAL KONUTLARI<\/h2><\/div><\/div><\/a><div class='item-img'><img width=\"360\" height=\"267\" src=\"http:\/\/www.narelmuhendislik.com\/wp-content\/uploads\/2022\/11\/1-5-360x267.jpg\" class=\"attachment-post-thumb attachment-post-thumb size-post-thumb wp-post-image\" alt=\"\" loading=\"lazy\" \/><\/div><\/article><\/li><li class='isotope-item konut col-xs-6 col-md-4'><article class='inner'><a class='item-hover' href='http:\/\/www.narelmuhendislik.com\/en\/portfolio\/yayla-country\/'><div class='mask'><\/div><div class='item-info'><div class='headline'><h2>(Turkish) YAYLA COUNTRY<\/h2><\/div><\/div><\/a><div class='item-img'><img width=\"360\" height=\"267\" src=\"http:\/\/www.narelmuhendislik.com\/wp-content\/uploads\/2022\/11\/1-360x267.png\" class=\"attachment-post-thumb attachment-post-thumb size-post-thumb wp-post-image\" alt=\"\" loading=\"lazy\" \/><\/div><\/article><\/li><li class='isotope-item endustriyal-tesisler col-xs-6 col-md-4'><article class='inner'><a class='item-hover' href='http:\/\/www.narelmuhendislik.com\/en\/portfolio\/hgyo-dilovasi\/'><div class='mask'><\/div><div class='item-info'><div class='headline'><h2>(Turkish) HGYO DILOVASI<\/h2><\/div><\/div><\/a><div class='item-img'><img width=\"360\" height=\"267\" src=\"http:\/\/www.narelmuhendislik.com\/wp-content\/uploads\/2022\/11\/1-360x267.jpg\" class=\"attachment-post-thumb attachment-post-thumb size-post-thumb wp-post-image\" alt=\"\" loading=\"lazy\" \/><\/div><\/article><\/li><li class='isotope-item endustriyal-tesisler col-xs-6 col-md-4'><article class='inner'><a class='item-hover' href='http:\/\/www.narelmuhendislik.com\/en\/portfolio\/mutlu-aku\/'><div class='mask'><\/div><div class='item-info'><div class='headline'><h2>Mutlu Ak\u00fc<\/h2><\/div><\/div><\/a><div class='item-img'><img width=\"360\" height=\"267\" src=\"http:\/\/www.narelmuhendislik.com\/wp-content\/uploads\/2021\/08\/mutlu-360x267.png\" class=\"attachment-post-thumb attachment-post-thumb size-post-thumb wp-post-image\" alt=\"\" loading=\"lazy\" \/><\/div><\/article><\/li><li class='isotope-item turistik-tesisler col-xs-6 col-md-4'><article class='inner'><a class='item-hover' href='http:\/\/www.narelmuhendislik.com\/en\/portfolio\/divan-otel-kurucesme\/'><div class='mask'><\/div><div class='item-info'><div class='headline'><h2>Divan Otel Kuru\u00e7e\u015fme<\/h2><\/div><\/div><\/a><div class='item-img'><img width=\"360\" height=\"267\" src=\"http:\/\/www.narelmuhendislik.com\/wp-content\/uploads\/2021\/08\/1-DIVAN-360x267.jpg\" class=\"attachment-post-thumb attachment-post-thumb size-post-thumb wp-post-image\" alt=\"\" loading=\"lazy\" \/><\/div><\/article><\/li><li class='isotope-item turistik-tesisler col-xs-6 col-md-4'><article class='inner'><a class='item-hover' href='http:\/\/www.narelmuhendislik.com\/en\/portfolio\/double-tree-hilton\/'><div class='mask'><\/div><div class='item-info'><div class='headline'><h2>(Turkish) Double Tree Hilton<\/h2><\/div><\/div><\/a><div class='item-img'><img width=\"360\" height=\"267\" src=\"http:\/\/www.narelmuhendislik.com\/wp-content\/uploads\/2021\/09\/1-HILTON-360x267.jpg\" class=\"attachment-post-thumb attachment-post-thumb size-post-thumb wp-post-image\" alt=\"\" loading=\"lazy\" \/><\/div><\/article><\/li><li class='isotope-item ticarethane-ve-ofisler col-xs-6 col-md-4'><article class='inner'><a class='item-hover' href='http:\/\/www.narelmuhendislik.com\/en\/portfolio\/khalifa-mall\/'><div class='mask'><\/div><div class='item-info'><div class='headline'><h2>Khalifa Mall<\/h2><\/div><\/div><\/a><div class='item-img'><img width=\"360\" height=\"267\" src=\"http:\/\/www.narelmuhendislik.com\/wp-content\/uploads\/2021\/08\/khalf-360x267.jpg\" class=\"attachment-post-thumb attachment-post-thumb size-post-thumb wp-post-image\" alt=\"\" loading=\"lazy\" \/><\/div><\/article><\/li><\/ul><div class='portfolio-pagination'><\/div>[\/vc_column][\/vc_row]<\/p>\n<p><\/p>","protected":false},"excerpt":{"rendered":"<p>[vc_row css=&#8221;.vc_custom_1628463658206{margin-top: 20px !important;}&#8221;][vc_column][\/vc_column][\/vc_row][vc_row][vc_column][\/vc_column][\/vc_row]<\/p>\n","protected":false},"author":1,"featured_media":0,"parent":0,"menu_order":0,"comment_status":"closed","ping_status":"closed","template":"","meta":[],"_links":{"self":[{"href":"http:\/\/www.narelmuhendislik.com\/en\/wp-json\/wp\/v2\/pages\/849"}],"collection":[{"href":"http:\/\/www.narelmuhendislik.com\/en\/wp-json\/wp\/v2\/pages"}],"about":[{"href":"http:\/\/www.narelmuhendislik.com\/en\/wp-json\/wp\/v2\/types\/page"}],"author":[{"embeddable":true,"href":"http:\/\/www.narelmuhendislik.com\/en\/wp-json\/wp\/v2\/users\/1"}],"replies":[{"embeddable":true,"href":"http:\/\/www.narelmuhendislik.com\/en\/wp-json\/wp\/v2\/comments?post=849"}],"version-history":[{"count":8,"href":"http:\/\/www.narelmuhendislik.com\/en\/wp-json\/wp\/v2\/pages\/849\/revisions"}],"predecessor-version":[{"id":1797,"href":"http:\/\/www.narelmuhendislik.com\/en\/wp-json\/wp\/v2\/pages\/849\/revisions\/1797"}],"wp:attachment":[{"href":"http:\/\/www.narelmuhendislik.com\/en\/wp-json\/wp\/v2\/media?parent=849"}],"curies":[{"name":"wp","href":"https:\/\/api.w.org\/{rel}","templated":true}]}}