{"id":1018,"date":"2021-08-09T01:42:05","date_gmt":"2021-08-08T22:42:05","guid":{"rendered":"http:\/\/www.narelmuhendislik.com\/?page_id=1018"},"modified":"2021-08-18T16:52:57","modified_gmt":"2021-08-18T13:52:57","slug":"divan-otel-kurucesme","status":"publish","type":"page","link":"http:\/\/www.narelmuhendislik.com\/en\/divan-otel-kurucesme\/","title":{"rendered":"Divan Otel Kuru\u00e7e\u015fme"},"content":{"rendered":"<p>[vc_row][vc_column width=&#8221;1\/2&#8243;][vc_single_image image=&#8221;1218&#8243; img_size=&#8221;full&#8221; alignment=&#8221;center&#8221;][\/vc_column][vc_column width=&#8221;1\/2&#8243;][vc_column_text]<\/p>\n<div class=\"balkon-folio-content-wrap\">\n<div class=\"det-info\">\n<p class=\"no-rep\">Divan Otel Kuru\u00e7e\u015fme projelendirilmesi<\/p>\n<p class=\"no-rep\">\n<\/div>\n<\/div>\n<div class=\"balkon-folio-details-wrap Divan Otel\">\n<div class=\"det-info\">\n<div class=\"clearfix\"><\/div>\n<ul class=\"pr-list\">\n<li>TAR\u0130H :\u00a018.08.2018<\/li>\n<li>M\u00dc\u015eTER\u0130 :\u00a0D\u0130VAN OTEL KURU\u00c7E\u015eME<\/li>\n<li>;DURUM :\u00a0TAMAMLANDI<\/li>\n<li>YER :\u00a0T\u00dcRK\u0130YE GENEL\u0130<\/li>\n<\/ul>\n<\/div>\n<\/div>\n<p>[\/vc_column_text][\/vc_column][\/vc_row]<\/p>\n","protected":false},"excerpt":{"rendered":"<p>[vc_row][vc_column width=&#8221;1\/2&#8243;][vc_single_image image=&#8221;1218&#8243; img_size=&#8221;full&#8221; alignment=&#8221;center&#8221;][\/vc_column][vc_column width=&#8221;1\/2&#8243;][vc_column_text] Divan Otel Kuru\u00e7e\u015fme projelendirilmesi TAR\u0130H :\u00a018.08.2018 M\u00dc\u015eTER\u0130 :\u00a0D\u0130VAN OTEL KURU\u00c7E\u015eME ;DURUM :\u00a0TAMAMLANDI YER :\u00a0T\u00dcRK\u0130YE GENEL\u0130 [\/vc_column_text][\/vc_column][\/vc_row]<\/p>\n","protected":false},"author":1,"featured_media":0,"parent":0,"menu_order":0,"comment_status":"closed","ping_status":"closed","template":"","meta":[],"_links":{"self":[{"href":"http:\/\/www.narelmuhendislik.com\/en\/wp-json\/wp\/v2\/pages\/1018"}],"collection":[{"href":"http:\/\/www.narelmuhendislik.com\/en\/wp-json\/wp\/v2\/pages"}],"about":[{"href":"http:\/\/www.narelmuhendislik.com\/en\/wp-json\/wp\/v2\/types\/page"}],"author":[{"embeddable":true,"href":"http:\/\/www.narelmuhendislik.com\/en\/wp-json\/wp\/v2\/users\/1"}],"replies":[{"embeddable":true,"href":"http:\/\/www.narelmuhendislik.com\/en\/wp-json\/wp\/v2\/comments?post=1018"}],"version-history":[{"count":2,"href":"http:\/\/www.narelmuhendislik.com\/en\/wp-json\/wp\/v2\/pages\/1018\/revisions"}],"predecessor-version":[{"id":1219,"href":"http:\/\/www.narelmuhendislik.com\/en\/wp-json\/wp\/v2\/pages\/1018\/revisions\/1219"}],"wp:attachment":[{"href":"http:\/\/www.narelmuhendislik.com\/en\/wp-json\/wp\/v2\/media?parent=1018"}],"curies":[{"name":"wp","href":"https:\/\/api.w.org\/{rel}","templated":true}]}}